{"id":1424,"date":"2022-04-02T18:56:49","date_gmt":"2022-04-02T21:56:49","guid":{"rendered":"https:\/\/www.visitms.com.br\/?page_id=1424"},"modified":"2025-09-23T10:45:31","modified_gmt":"2025-09-23T13:45:31","slug":"gastronomia-no-mato-grosso-do-sul","status":"publish","type":"page","link":"https:\/\/www.visitms.com.br\/en\/gastronomia-no-mato-grosso-do-sul\/","title":{"rendered":"Gastronomy"},"content":{"rendered":"<p>Mato Grosso do Sul is also rich and privileged in its Gastronomy. It receives influences from various regions of Brazil and two neighboring countries and also has its regional touch with its own ingredients and flavors!<\/p>\n<p>Our visitors from the southern region of Brazil trouxeram the famous churrasco that saw tradition here, being prepared in various ways according to the region of the state. The Pantanal is one of two main dishes being prepared in the typical way that we call pantaneiro churrasco.<br \/>\nOur vizinhos in the central-western region of Brazil find the fruits and twelve closed ones, such as the pequi and the guavira, which are incorporated in several recipes that have characteristics in their mato-grossenses.<\/p>\n<p>Our Paraguayan vizinhos trouxerem or drink costume or Terer\u00e9, gelato mate to scare away or heat rich in caffeine, and among other recipes to Chipa Paraguaia, a kind of p\u00e3o de queijo, and to Sopa Paraguaia, a bowl of milho with very characteristic ingredients.<\/p>\n<p>Our Bolivian vizinhos have found a strong influence of indigenous gastronomy, but one very appreciated around here is Saltenha, a kind of thin dough empanada with lots of frango and very characteristic ingredients that are only found there.<\/p>\n<p>Now, if you are looking for gastronomic attractions that are typical of Mato Grosso do Sul, we will satisfy our children! S\u00e3o Pac\u00fas, Pintados and Piraputangas, among others, which are prepared in various ways, roasted, souped or fried, I have a variety of recipes that will delight the most demanding palates.<\/p>\n<p>Another very characteristic feature of our state is jacar\u00e9 meat. Mato Grosso do Sul is one of two main producers of meat, not extracted from nature, and simply by authorized breeders by official control bodies. Fried, roasted or soaked, you will surprise the most diverse palates.<\/p>\n<p>The gastronomy of Mato Grosso do Sul reflects the close relationship between local culture and natural resources, offering a variety of unique flavors and dishes that are worth experiencing when visiting the region.<\/p>\n<p>If you are looking for an incredible destination with rich gastronomy for your next trip, come and discover the wonders of Mato Grosso do Sul!<\/p>\n","protected":false},"excerpt":{"rendered":"<p>A state that is home to many people could only have a very diversified gastronomy. Discover the traditional pantaneira cuisine, the frontier recipes or the iguarias that I saw long ago and found around here. Mato Grosso do Sul will surprise or unravel your palate, giving a special flavor to your trip.<\/p>\n","protected":false},"author":1,"featured_media":2012,"parent":0,"menu_order":0,"comment_status":"closed","ping_status":"closed","template":"page-destino_.php","meta":{"_acf_changed":false,"footnotes":""},"class_list":["post-1424","page","type-page","status-publish","has-post-thumbnail","hentry"],"translation":{"provider":"WPGlobus","version":"3.0.2","language":"en","enabled_languages":["br","en","es"],"languages":{"br":{"title":true,"content":true,"excerpt":true},"en":{"title":true,"content":true,"excerpt":true},"es":{"title":true,"content":true,"excerpt":true}}},"acf":[],"yoast_head":"<!-- This site is optimized with the Yoast SEO plugin v27.3 - https:\/\/yoast.com\/product\/yoast-seo-wordpress\/ -->\n<title>Gastronomy - VisitMS<\/title>\n<meta name=\"robots\" content=\"index, follow, max-snippet:-1, max-image-preview:large, max-video-preview:-1\" \/>\n<link rel=\"canonical\" href=\"https:\/\/www.visitms.com.br\/gastronomia-no-mato-grosso-do-sul\/\" \/>\n<meta property=\"og:locale\" content=\"en_US\" \/>\n<meta property=\"og:type\" content=\"article\" \/>\n<meta property=\"og:title\" content=\"Gastronomy - VisitMS\" \/>\n<meta property=\"og:url\" content=\"https:\/\/www.visitms.com.br\/gastronomia-no-mato-grosso-do-sul\/\" \/>\n<meta property=\"og:site_name\" content=\"VisitMS\" \/>\n<meta property=\"article:modified_time\" content=\"2025-09-23T13:45:31+00:00\" \/>\n<meta property=\"og:image\" content=\"https:\/\/www.visitms.com.br\/wp-content\/uploads\/2022\/04\/banner_gastronomia_1920x600px.jpg\" \/>\n\t<meta property=\"og:image:width\" content=\"1920\" \/>\n\t<meta property=\"og:image:height\" content=\"600\" \/>\n\t<meta property=\"og:image:type\" content=\"image\/jpeg\" \/>\n<meta name=\"twitter:card\" content=\"summary_large_image\" \/>\n<meta name=\"twitter:label1\" content=\"Est. reading time\" \/>\n\t<meta name=\"twitter:data1\" content=\"3 minutes\" \/>\n<script type=\"application\/ld+json\" class=\"yoast-schema-graph\">{\"@context\":\"https:\\\/\\\/schema.org\",\"@graph\":[{\"@type\":\"WebPage\",\"@id\":\"https:\\\/\\\/www.visitms.com.br\\\/gastronomia-no-mato-grosso-do-sul\\\/\",\"url\":\"https:\\\/\\\/www.visitms.com.br\\\/gastronomia-no-mato-grosso-do-sul\\\/\",\"name\":\"Gastronomy - VisitMS\",\"isPartOf\":{\"@id\":\"https:\\\/\\\/www.visitms.com.br\\\/#website\"},\"primaryImageOfPage\":{\"@id\":\"https:\\\/\\\/www.visitms.com.br\\\/gastronomia-no-mato-grosso-do-sul\\\/#primaryimage\"},\"image\":{\"@id\":\"https:\\\/\\\/www.visitms.com.br\\\/gastronomia-no-mato-grosso-do-sul\\\/#primaryimage\"},\"thumbnailUrl\":\"https:\\\/\\\/www.visitms.com.br\\\/wp-content\\\/uploads\\\/2022\\\/04\\\/banner_gastronomia_1920x600px.jpg\",\"datePublished\":\"2022-04-02T21:56:49+00:00\",\"dateModified\":\"2025-09-23T13:45:31+00:00\",\"description\":\"Mato Grosso do Sul tamb\u00e9m \u00e9 rico e privilegiado em sua Gastronomia. Recebeu influ\u00eancias de diversas regi\u00f5es do Brasil e dos pa\u00edses vizinhos e tamb\u00e9m deu seu toque regional com seus ingredientes e sabores pr\u00f3prios!\",\"breadcrumb\":{\"@id\":\"https:\\\/\\\/www.visitms.com.br\\\/gastronomia-no-mato-grosso-do-sul\\\/#breadcrumb\"},\"inLanguage\":\"en-US\",\"potentialAction\":[{\"@type\":\"ReadAction\",\"target\":[\"https:\\\/\\\/www.visitms.com.br\\\/gastronomia-no-mato-grosso-do-sul\\\/\"]}]},{\"@type\":\"ImageObject\",\"inLanguage\":\"en-US\",\"@id\":\"https:\\\/\\\/www.visitms.com.br\\\/gastronomia-no-mato-grosso-do-sul\\\/#primaryimage\",\"url\":\"https:\\\/\\\/www.visitms.com.br\\\/wp-content\\\/uploads\\\/2022\\\/04\\\/banner_gastronomia_1920x600px.jpg\",\"contentUrl\":\"https:\\\/\\\/www.visitms.com.br\\\/wp-content\\\/uploads\\\/2022\\\/04\\\/banner_gastronomia_1920x600px.jpg\",\"width\":1920,\"height\":600},{\"@type\":\"BreadcrumbList\",\"@id\":\"https:\\\/\\\/www.visitms.com.br\\\/gastronomia-no-mato-grosso-do-sul\\\/#breadcrumb\",\"itemListElement\":[{\"@type\":\"ListItem\",\"position\":1,\"name\":\"In\u00edcio\",\"item\":\"https:\\\/\\\/www.visitms.com.br\\\/\"},{\"@type\":\"ListItem\",\"position\":2,\"name\":\"Gastronomia de Mato Grosso do Sul\"}]},{\"@type\":\"WebSite\",\"@id\":\"https:\\\/\\\/www.visitms.com.br\\\/#website\",\"url\":\"https:\\\/\\\/www.visitms.com.br\\\/\",\"name\":\"VisitMS\",\"description\":\"\",\"potentialAction\":[{\"@type\":\"SearchAction\",\"target\":{\"@type\":\"EntryPoint\",\"urlTemplate\":\"https:\\\/\\\/www.visitms.com.br\\\/?s={search_term_string}\"},\"query-input\":{\"@type\":\"PropertyValueSpecification\",\"valueRequired\":true,\"valueName\":\"search_term_string\"}}],\"inLanguage\":\"en-US\"}]}<\/script>\n<!-- \/ Yoast SEO plugin. -->","yoast_head_json":{"title":"Gastronomy - VisitMS","robots":{"index":"index","follow":"follow","max-snippet":"max-snippet:-1","max-image-preview":"max-image-preview:large","max-video-preview":"max-video-preview:-1"},"canonical":"https:\/\/www.visitms.com.br\/gastronomia-no-mato-grosso-do-sul\/","og_locale":"en_US","og_type":"article","og_title":"Gastronomy - VisitMS","og_url":"https:\/\/www.visitms.com.br\/gastronomia-no-mato-grosso-do-sul\/","og_site_name":"VisitMS","article_modified_time":"2025-09-23T13:45:31+00:00","og_image":[{"width":1920,"height":600,"url":"https:\/\/www.visitms.com.br\/wp-content\/uploads\/2022\/04\/banner_gastronomia_1920x600px.jpg","type":"image\/jpeg"}],"twitter_card":"summary_large_image","twitter_misc":{"Est. reading time":"3 minutes"},"schema":{"@context":"https:\/\/schema.org","@graph":[{"@type":"WebPage","@id":"https:\/\/www.visitms.com.br\/gastronomia-no-mato-grosso-do-sul\/","url":"https:\/\/www.visitms.com.br\/gastronomia-no-mato-grosso-do-sul\/","name":"Gastronomy - VisitMS","isPartOf":{"@id":"https:\/\/www.visitms.com.br\/#website"},"primaryImageOfPage":{"@id":"https:\/\/www.visitms.com.br\/gastronomia-no-mato-grosso-do-sul\/#primaryimage"},"image":{"@id":"https:\/\/www.visitms.com.br\/gastronomia-no-mato-grosso-do-sul\/#primaryimage"},"thumbnailUrl":"https:\/\/www.visitms.com.br\/wp-content\/uploads\/2022\/04\/banner_gastronomia_1920x600px.jpg","datePublished":"2022-04-02T21:56:49+00:00","dateModified":"2025-09-23T13:45:31+00:00","description":"Mato Grosso do Sul tamb\u00e9m \u00e9 rico e privilegiado em sua Gastronomia. Recebeu influ\u00eancias de diversas regi\u00f5es do Brasil e dos pa\u00edses vizinhos e tamb\u00e9m deu seu toque regional com seus ingredientes e sabores pr\u00f3prios!","breadcrumb":{"@id":"https:\/\/www.visitms.com.br\/gastronomia-no-mato-grosso-do-sul\/#breadcrumb"},"inLanguage":"en-US","potentialAction":[{"@type":"ReadAction","target":["https:\/\/www.visitms.com.br\/gastronomia-no-mato-grosso-do-sul\/"]}]},{"@type":"ImageObject","inLanguage":"en-US","@id":"https:\/\/www.visitms.com.br\/gastronomia-no-mato-grosso-do-sul\/#primaryimage","url":"https:\/\/www.visitms.com.br\/wp-content\/uploads\/2022\/04\/banner_gastronomia_1920x600px.jpg","contentUrl":"https:\/\/www.visitms.com.br\/wp-content\/uploads\/2022\/04\/banner_gastronomia_1920x600px.jpg","width":1920,"height":600},{"@type":"BreadcrumbList","@id":"https:\/\/www.visitms.com.br\/gastronomia-no-mato-grosso-do-sul\/#breadcrumb","itemListElement":[{"@type":"ListItem","position":1,"name":"In\u00edcio","item":"https:\/\/www.visitms.com.br\/"},{"@type":"ListItem","position":2,"name":"Gastronomia de Mato Grosso do Sul"}]},{"@type":"WebSite","@id":"https:\/\/www.visitms.com.br\/#website","url":"https:\/\/www.visitms.com.br\/","name":"VisitMS","description":"","potentialAction":[{"@type":"SearchAction","target":{"@type":"EntryPoint","urlTemplate":"https:\/\/www.visitms.com.br\/?s={search_term_string}"},"query-input":{"@type":"PropertyValueSpecification","valueRequired":true,"valueName":"search_term_string"}}],"inLanguage":"en-US"}]}},"_links":{"self":[{"href":"https:\/\/www.visitms.com.br\/en\/wp-json\/wp\/v2\/pages\/1424","targetHints":{"allow":["GET"]}}],"collection":[{"href":"https:\/\/www.visitms.com.br\/en\/wp-json\/wp\/v2\/pages"}],"about":[{"href":"https:\/\/www.visitms.com.br\/en\/wp-json\/wp\/v2\/types\/page"}],"author":[{"embeddable":true,"href":"https:\/\/www.visitms.com.br\/en\/wp-json\/wp\/v2\/users\/1"}],"replies":[{"embeddable":true,"href":"https:\/\/www.visitms.com.br\/en\/wp-json\/wp\/v2\/comments?post=1424"}],"version-history":[{"count":8,"href":"https:\/\/www.visitms.com.br\/en\/wp-json\/wp\/v2\/pages\/1424\/revisions"}],"predecessor-version":[{"id":3174,"href":"https:\/\/www.visitms.com.br\/en\/wp-json\/wp\/v2\/pages\/1424\/revisions\/3174"}],"wp:featuredmedia":[{"embeddable":true,"href":"https:\/\/www.visitms.com.br\/en\/wp-json\/wp\/v2\/media\/2012"}],"wp:attachment":[{"href":"https:\/\/www.visitms.com.br\/en\/wp-json\/wp\/v2\/media?parent=1424"}],"curies":[{"name":"wp","href":"https:\/\/api.w.org\/{rel}","templated":true}]}}