{"id":1486,"date":"2022-04-02T19:02:44","date_gmt":"2022-04-02T22:02:44","guid":{"rendered":"https:\/\/www.visitms.com.br\/?page_id=1486"},"modified":"2025-09-23T10:38:39","modified_gmt":"2025-09-23T13:38:39","slug":"cerrado-pantanal","status":"publish","type":"page","link":"https:\/\/www.visitms.com.br\/en\/cerrado-pantanal\/","title":{"rendered":"Cerrado Pantanal"},"content":{"rendered":"<p data-start=\"272\" data-end=\"553\">A <strong data-start=\"274\" data-end=\"311\">Regi\u00e3o Tur\u00edstica Cerrado-Pantanal<\/strong>, localizada no cora\u00e7\u00e3o do Mato Grosso do Sul, re\u00fane munic\u00edpios como <strong data-start=\"380\" data-end=\"441\">Rio Verde de Mato Grosso, Coxim, Alcin\u00f3polis e Costa Rica<\/strong>, oferecendo experi\u00eancias \u00fanicas em meio \u00e0 natureza exuberante do Cerrado e \u00e0s paisagens alagadas do Pantanal.<\/p>\n<p data-start=\"555\" data-end=\"1102\">Essa regi\u00e3o \u00e9 perfeita para quem busca <strong data-start=\"594\" data-end=\"634\">ecoturismo, aventura e turismo rural<\/strong>, com op\u00e7\u00f5es que v\u00e3o desde <strong data-start=\"661\" data-end=\"695\">trilhas, cachoeiras e cavernas<\/strong> at\u00e9 <strong data-start=\"700\" data-end=\"756\">pescarias esportivas, passeios de barco e cavalgadas<\/strong>. Os visitantes tamb\u00e9m podem explorar <strong data-start=\"794\" data-end=\"843\">s\u00edtios arqueol\u00f3gicos com inscri\u00e7\u00f5es rupestres<\/strong>, al\u00e9m de visitar <strong data-start=\"861\" data-end=\"905\">parques municipais, estaduais e federais<\/strong>, garantindo uma imers\u00e3o completa na biodiversidade e na hist\u00f3ria local. A fauna e flora t\u00edpicas do Cerrado e do Pantanal oferecem oportunidades \u00fanicas de observa\u00e7\u00e3o de aves e animais silvestres.<\/p>\n<p data-start=\"1104\" data-end=\"1461\">Os munic\u00edpios da regi\u00e3o possuem <strong data-start=\"1136\" data-end=\"1175\">infraestrutura tur\u00edstica acolhedora<\/strong>, com pousadas, hot\u00e9is, restaurantes e servi\u00e7os preparados para receber visitantes que buscam contato direto com a natureza. Al\u00e9m disso, a regi\u00e3o valoriza <strong data-start=\"1330\" data-end=\"1349\">a cultura local<\/strong>, com festas tradicionais, gastronomia t\u00edpica e a hospitalidade pantaneira que torna cada visita inesquec\u00edvel.<\/p>\n<p data-start=\"1463\" data-end=\"1774\">A <strong data-start=\"1465\" data-end=\"1492\">Regi\u00e3o Cerrado-Pantanal<\/strong> \u00e9 ideal tanto para quem busca aventura e atividades ao ar livre quanto para quem deseja momentos de tranquilidade e conex\u00e3o com a natureza. Venha explorar esse destino e descubra cen\u00e1rios de beleza incompar\u00e1vel, experi\u00eancias aut\u00eanticas e a riqueza cultural do Mato Grosso do Sul.<\/p>\n","protected":false},"excerpt":{"rendered":"<p>The exotic mixture between Pantanal and Cerrado pleases the most varied types of trailblazers. Bird watching, trails with cave paintings, canyons and many adventure activities make these regions the perfect terrain for natural trailblazers.<\/p>\n","protected":false},"author":1,"featured_media":2019,"parent":0,"menu_order":0,"comment_status":"closed","ping_status":"closed","template":"page-destino_.php","meta":{"_acf_changed":false,"footnotes":""},"class_list":["post-1486","page","type-page","status-publish","has-post-thumbnail","hentry"],"translation":{"provider":"WPGlobus","version":"3.0.2","language":"en","enabled_languages":["br","en","es"],"languages":{"br":{"title":true,"content":true,"excerpt":true},"en":{"title":true,"content":false,"excerpt":true},"es":{"title":true,"content":false,"excerpt":true}}},"acf":[],"yoast_head":"<!-- This site is optimized with the Yoast SEO plugin v27.3 - https:\/\/yoast.com\/product\/yoast-seo-wordpress\/ -->\n<title>Cerrado Pantanal - VisitMS<\/title>\n<meta name=\"robots\" content=\"index, follow, max-snippet:-1, max-image-preview:large, max-video-preview:-1\" \/>\n<link rel=\"canonical\" href=\"https:\/\/www.visitms.com.br\/cerrado-pantanal\/\" \/>\n<meta property=\"og:locale\" content=\"en_US\" \/>\n<meta property=\"og:type\" content=\"article\" \/>\n<meta property=\"og:title\" content=\"Cerrado Pantanal - VisitMS\" \/>\n<meta property=\"og:url\" content=\"https:\/\/www.visitms.com.br\/cerrado-pantanal\/\" \/>\n<meta property=\"og:site_name\" content=\"VisitMS\" \/>\n<meta property=\"article:modified_time\" content=\"2025-09-23T13:38:39+00:00\" \/>\n<meta property=\"og:image\" content=\"https:\/\/www.visitms.com.br\/wp-content\/uploads\/2022\/04\/banner_cerradopantanal_1920x600px.jpg\" \/>\n\t<meta property=\"og:image:width\" content=\"1920\" \/>\n\t<meta property=\"og:image:height\" content=\"600\" \/>\n\t<meta property=\"og:image:type\" content=\"image\/jpeg\" \/>\n<meta name=\"twitter:card\" content=\"summary_large_image\" \/>\n<meta name=\"twitter:label1\" content=\"Est. reading time\" \/>\n\t<meta name=\"twitter:data1\" content=\"2 minutes\" \/>\n<script type=\"application\/ld+json\" class=\"yoast-schema-graph\">{\"@context\":\"https:\\\/\\\/schema.org\",\"@graph\":[{\"@type\":\"WebPage\",\"@id\":\"https:\\\/\\\/www.visitms.com.br\\\/cerrado-pantanal\\\/\",\"url\":\"https:\\\/\\\/www.visitms.com.br\\\/cerrado-pantanal\\\/\",\"name\":\"Cerrado Pantanal - VisitMS\",\"isPartOf\":{\"@id\":\"https:\\\/\\\/www.visitms.com.br\\\/#website\"},\"primaryImageOfPage\":{\"@id\":\"https:\\\/\\\/www.visitms.com.br\\\/cerrado-pantanal\\\/#primaryimage\"},\"image\":{\"@id\":\"https:\\\/\\\/www.visitms.com.br\\\/cerrado-pantanal\\\/#primaryimage\"},\"thumbnailUrl\":\"https:\\\/\\\/www.visitms.com.br\\\/wp-content\\\/uploads\\\/2022\\\/04\\\/banner_cerradopantanal_1920x600px.jpg\",\"datePublished\":\"2022-04-02T22:02:44+00:00\",\"dateModified\":\"2025-09-23T13:38:39+00:00\",\"breadcrumb\":{\"@id\":\"https:\\\/\\\/www.visitms.com.br\\\/cerrado-pantanal\\\/#breadcrumb\"},\"inLanguage\":\"en-US\",\"potentialAction\":[{\"@type\":\"ReadAction\",\"target\":[\"https:\\\/\\\/www.visitms.com.br\\\/cerrado-pantanal\\\/\"]}]},{\"@type\":\"ImageObject\",\"inLanguage\":\"en-US\",\"@id\":\"https:\\\/\\\/www.visitms.com.br\\\/cerrado-pantanal\\\/#primaryimage\",\"url\":\"https:\\\/\\\/www.visitms.com.br\\\/wp-content\\\/uploads\\\/2022\\\/04\\\/banner_cerradopantanal_1920x600px.jpg\",\"contentUrl\":\"https:\\\/\\\/www.visitms.com.br\\\/wp-content\\\/uploads\\\/2022\\\/04\\\/banner_cerradopantanal_1920x600px.jpg\",\"width\":1920,\"height\":600},{\"@type\":\"BreadcrumbList\",\"@id\":\"https:\\\/\\\/www.visitms.com.br\\\/cerrado-pantanal\\\/#breadcrumb\",\"itemListElement\":[{\"@type\":\"ListItem\",\"position\":1,\"name\":\"In\u00edcio\",\"item\":\"https:\\\/\\\/www.visitms.com.br\\\/\"},{\"@type\":\"ListItem\",\"position\":2,\"name\":\"Regi\u00e3o Tur\u00edstica Cerrado-Pantanal\"}]},{\"@type\":\"WebSite\",\"@id\":\"https:\\\/\\\/www.visitms.com.br\\\/#website\",\"url\":\"https:\\\/\\\/www.visitms.com.br\\\/\",\"name\":\"VisitMS\",\"description\":\"\",\"potentialAction\":[{\"@type\":\"SearchAction\",\"target\":{\"@type\":\"EntryPoint\",\"urlTemplate\":\"https:\\\/\\\/www.visitms.com.br\\\/?s={search_term_string}\"},\"query-input\":{\"@type\":\"PropertyValueSpecification\",\"valueRequired\":true,\"valueName\":\"search_term_string\"}}],\"inLanguage\":\"en-US\"}]}<\/script>\n<!-- \/ Yoast SEO plugin. -->","yoast_head_json":{"title":"Cerrado Pantanal - VisitMS","robots":{"index":"index","follow":"follow","max-snippet":"max-snippet:-1","max-image-preview":"max-image-preview:large","max-video-preview":"max-video-preview:-1"},"canonical":"https:\/\/www.visitms.com.br\/cerrado-pantanal\/","og_locale":"en_US","og_type":"article","og_title":"Cerrado Pantanal - VisitMS","og_url":"https:\/\/www.visitms.com.br\/cerrado-pantanal\/","og_site_name":"VisitMS","article_modified_time":"2025-09-23T13:38:39+00:00","og_image":[{"width":1920,"height":600,"url":"https:\/\/www.visitms.com.br\/wp-content\/uploads\/2022\/04\/banner_cerradopantanal_1920x600px.jpg","type":"image\/jpeg"}],"twitter_card":"summary_large_image","twitter_misc":{"Est. reading time":"2 minutes"},"schema":{"@context":"https:\/\/schema.org","@graph":[{"@type":"WebPage","@id":"https:\/\/www.visitms.com.br\/cerrado-pantanal\/","url":"https:\/\/www.visitms.com.br\/cerrado-pantanal\/","name":"Cerrado Pantanal - VisitMS","isPartOf":{"@id":"https:\/\/www.visitms.com.br\/#website"},"primaryImageOfPage":{"@id":"https:\/\/www.visitms.com.br\/cerrado-pantanal\/#primaryimage"},"image":{"@id":"https:\/\/www.visitms.com.br\/cerrado-pantanal\/#primaryimage"},"thumbnailUrl":"https:\/\/www.visitms.com.br\/wp-content\/uploads\/2022\/04\/banner_cerradopantanal_1920x600px.jpg","datePublished":"2022-04-02T22:02:44+00:00","dateModified":"2025-09-23T13:38:39+00:00","breadcrumb":{"@id":"https:\/\/www.visitms.com.br\/cerrado-pantanal\/#breadcrumb"},"inLanguage":"en-US","potentialAction":[{"@type":"ReadAction","target":["https:\/\/www.visitms.com.br\/cerrado-pantanal\/"]}]},{"@type":"ImageObject","inLanguage":"en-US","@id":"https:\/\/www.visitms.com.br\/cerrado-pantanal\/#primaryimage","url":"https:\/\/www.visitms.com.br\/wp-content\/uploads\/2022\/04\/banner_cerradopantanal_1920x600px.jpg","contentUrl":"https:\/\/www.visitms.com.br\/wp-content\/uploads\/2022\/04\/banner_cerradopantanal_1920x600px.jpg","width":1920,"height":600},{"@type":"BreadcrumbList","@id":"https:\/\/www.visitms.com.br\/cerrado-pantanal\/#breadcrumb","itemListElement":[{"@type":"ListItem","position":1,"name":"In\u00edcio","item":"https:\/\/www.visitms.com.br\/"},{"@type":"ListItem","position":2,"name":"Regi\u00e3o Tur\u00edstica Cerrado-Pantanal"}]},{"@type":"WebSite","@id":"https:\/\/www.visitms.com.br\/#website","url":"https:\/\/www.visitms.com.br\/","name":"VisitMS","description":"","potentialAction":[{"@type":"SearchAction","target":{"@type":"EntryPoint","urlTemplate":"https:\/\/www.visitms.com.br\/?s={search_term_string}"},"query-input":{"@type":"PropertyValueSpecification","valueRequired":true,"valueName":"search_term_string"}}],"inLanguage":"en-US"}]}},"_links":{"self":[{"href":"https:\/\/www.visitms.com.br\/en\/wp-json\/wp\/v2\/pages\/1486","targetHints":{"allow":["GET"]}}],"collection":[{"href":"https:\/\/www.visitms.com.br\/en\/wp-json\/wp\/v2\/pages"}],"about":[{"href":"https:\/\/www.visitms.com.br\/en\/wp-json\/wp\/v2\/types\/page"}],"author":[{"embeddable":true,"href":"https:\/\/www.visitms.com.br\/en\/wp-json\/wp\/v2\/users\/1"}],"replies":[{"embeddable":true,"href":"https:\/\/www.visitms.com.br\/en\/wp-json\/wp\/v2\/comments?post=1486"}],"version-history":[{"count":9,"href":"https:\/\/www.visitms.com.br\/en\/wp-json\/wp\/v2\/pages\/1486\/revisions"}],"predecessor-version":[{"id":3170,"href":"https:\/\/www.visitms.com.br\/en\/wp-json\/wp\/v2\/pages\/1486\/revisions\/3170"}],"wp:featuredmedia":[{"embeddable":true,"href":"https:\/\/www.visitms.com.br\/en\/wp-json\/wp\/v2\/media\/2019"}],"wp:attachment":[{"href":"https:\/\/www.visitms.com.br\/en\/wp-json\/wp\/v2\/media?parent=1486"}],"curies":[{"name":"wp","href":"https:\/\/api.w.org\/{rel}","templated":true}]}}