{"id":2023,"date":"2022-04-02T19:10:17","date_gmt":"2022-04-02T22:10:17","guid":{"rendered":"https:\/\/www.visitms.com.br\/?page_id=2023"},"modified":"2022-04-02T19:10:40","modified_gmt":"2022-04-02T22:10:40","slug":"sobre","status":"publish","type":"page","link":"https:\/\/www.visitms.com.br\/en\/sobre\/","title":{"rendered":"Sobre"},"content":{"rendered":"<p>Estar em Mato Grosso do Sul \u00e9 uma<strong>\u00a0aventura<\/strong>. \u00c9 se emocionar com a\u00a0<strong>biodiversidade<\/strong>\u00a0e deixar o corpo flutuar em \u00e1guas cristalinas. \u00c9 embarcar em uma comitiva e viver a lida do campo ao som do berrante. Se bem preferir, demore um pouquinho a observar o p\u00f4r do sol da Capital e suas \u00e1reas verdes, experimentando um lugar brasileiro ditado por uma\u00a0<strong>mistura \u00e9tnica<\/strong>\u00a0inacredit\u00e1vel.<\/p>\n<p>Mato Grosso do Sul \u00e9 terra do\u00a0<strong>homem pantaneiro<\/strong>, dos\u00a0<strong>povos ind\u00edgenas<\/strong>, da gente da fronteira e de outros lugares do Brasil e do mundo. A localiza\u00e7\u00e3o desse estado \u00e9 privilegiada, j\u00e1 que est\u00e1 estrategicamente posicionado no\u00a0<strong>Centro-Oeste<\/strong>\u00a0do pa\u00eds e faz\u00a0<strong>fronteira com a Bol\u00edvia e o Paraguai<\/strong>.<\/p>\n<p>Na mesa do sul-mato-grossense,\u00a0<strong>pratos t\u00edpicos das fazendas<\/strong>\u00a0da regi\u00e3o s\u00e3o servidos junto com o\u00a0<strong>sob\u00e1<\/strong>\u00a0trazido pelos japoneses e que ganhou pitadas regionais. Se tem\u00a0<strong>churrasco<\/strong>, tem mandioca, e o pintado a urucum<strong>\u00a0<\/strong>\u00e9 o carro-chefe das infind\u00e1veis receitas de\u00a0<strong>peixe<\/strong>\u00a0do card\u00e1pio regional.<\/p>\n<p>A\u00a0<strong>dan\u00e7a\u00a0<\/strong>e a\u00a0<strong>m\u00fasica<\/strong>\u00a0s\u00e3o apenas algumas das manifesta\u00e7\u00f5es trazidas pela fronteira e que foram incorporadas \u00e0\u00a0<strong>identidade cultural<\/strong>. Do Paraguai tamb\u00e9m veio o h\u00e1bito di\u00e1rio de tomar o<strong>\u00a0terer\u00e9<\/strong>, que \u00e9 uma bebida gelada apropriada \u00e0s temperaturas tropicais do lugar.<\/p>\n","protected":false},"excerpt":{"rendered":"<p>Estar em Mato Grosso do Sul \u00e9 uma\u00a0aventura. \u00c9 se emocionar com a\u00a0biodiversidade\u00a0e deixar o corpo flutuar em \u00e1guas cristalinas. [&hellip;]<\/p>\n","protected":false},"author":1,"featured_media":0,"parent":0,"menu_order":0,"comment_status":"closed","ping_status":"closed","template":"","meta":{"_acf_changed":false,"footnotes":""},"class_list":["post-2023","page","type-page","status-publish","hentry"],"translation":{"provider":"WPGlobus","version":"3.0.2","language":"en","enabled_languages":["br","en","es"],"languages":{"br":{"title":true,"content":true,"excerpt":false},"en":{"title":false,"content":false,"excerpt":false},"es":{"title":false,"content":false,"excerpt":false}}},"acf":[],"yoast_head":"<!-- This site is optimized with the Yoast SEO plugin v27.3 - https:\/\/yoast.com\/product\/yoast-seo-wordpress\/ -->\n<title>Sobre - VisitMS<\/title>\n<meta name=\"robots\" content=\"index, follow, max-snippet:-1, max-image-preview:large, max-video-preview:-1\" \/>\n<link rel=\"canonical\" href=\"https:\/\/www.visitms.com.br\/sobre\/\" \/>\n<meta property=\"og:locale\" content=\"en_US\" \/>\n<meta property=\"og:type\" content=\"article\" \/>\n<meta property=\"og:title\" content=\"Sobre - VisitMS\" \/>\n<meta property=\"og:url\" content=\"https:\/\/www.visitms.com.br\/sobre\/\" \/>\n<meta property=\"og:site_name\" content=\"VisitMS\" \/>\n<meta property=\"article:modified_time\" content=\"2022-04-02T22:10:40+00:00\" \/>\n<meta name=\"twitter:card\" content=\"summary_large_image\" \/>\n<meta name=\"twitter:label1\" content=\"Est. reading time\" \/>\n\t<meta name=\"twitter:data1\" content=\"1 minute\" \/>\n<script type=\"application\/ld+json\" class=\"yoast-schema-graph\">{\"@context\":\"https:\\\/\\\/schema.org\",\"@graph\":[{\"@type\":\"WebPage\",\"@id\":\"https:\\\/\\\/www.visitms.com.br\\\/sobre\\\/\",\"url\":\"https:\\\/\\\/www.visitms.com.br\\\/sobre\\\/\",\"name\":\"Sobre - VisitMS\",\"isPartOf\":{\"@id\":\"https:\\\/\\\/www.visitms.com.br\\\/#website\"},\"datePublished\":\"2022-04-02T22:10:17+00:00\",\"dateModified\":\"2022-04-02T22:10:40+00:00\",\"breadcrumb\":{\"@id\":\"https:\\\/\\\/www.visitms.com.br\\\/sobre\\\/#breadcrumb\"},\"inLanguage\":\"en-US\",\"potentialAction\":[{\"@type\":\"ReadAction\",\"target\":[\"https:\\\/\\\/www.visitms.com.br\\\/sobre\\\/\"]}]},{\"@type\":\"BreadcrumbList\",\"@id\":\"https:\\\/\\\/www.visitms.com.br\\\/sobre\\\/#breadcrumb\",\"itemListElement\":[{\"@type\":\"ListItem\",\"position\":1,\"name\":\"In\u00edcio\",\"item\":\"https:\\\/\\\/www.visitms.com.br\\\/\"},{\"@type\":\"ListItem\",\"position\":2,\"name\":\"Sobre\"}]},{\"@type\":\"WebSite\",\"@id\":\"https:\\\/\\\/www.visitms.com.br\\\/#website\",\"url\":\"https:\\\/\\\/www.visitms.com.br\\\/\",\"name\":\"VisitMS\",\"description\":\"\",\"potentialAction\":[{\"@type\":\"SearchAction\",\"target\":{\"@type\":\"EntryPoint\",\"urlTemplate\":\"https:\\\/\\\/www.visitms.com.br\\\/?s={search_term_string}\"},\"query-input\":{\"@type\":\"PropertyValueSpecification\",\"valueRequired\":true,\"valueName\":\"search_term_string\"}}],\"inLanguage\":\"en-US\"}]}<\/script>\n<!-- \/ Yoast SEO plugin. -->","yoast_head_json":{"title":"Sobre - VisitMS","robots":{"index":"index","follow":"follow","max-snippet":"max-snippet:-1","max-image-preview":"max-image-preview:large","max-video-preview":"max-video-preview:-1"},"canonical":"https:\/\/www.visitms.com.br\/sobre\/","og_locale":"en_US","og_type":"article","og_title":"Sobre - VisitMS","og_url":"https:\/\/www.visitms.com.br\/sobre\/","og_site_name":"VisitMS","article_modified_time":"2022-04-02T22:10:40+00:00","twitter_card":"summary_large_image","twitter_misc":{"Est. reading time":"1 minute"},"schema":{"@context":"https:\/\/schema.org","@graph":[{"@type":"WebPage","@id":"https:\/\/www.visitms.com.br\/sobre\/","url":"https:\/\/www.visitms.com.br\/sobre\/","name":"Sobre - VisitMS","isPartOf":{"@id":"https:\/\/www.visitms.com.br\/#website"},"datePublished":"2022-04-02T22:10:17+00:00","dateModified":"2022-04-02T22:10:40+00:00","breadcrumb":{"@id":"https:\/\/www.visitms.com.br\/sobre\/#breadcrumb"},"inLanguage":"en-US","potentialAction":[{"@type":"ReadAction","target":["https:\/\/www.visitms.com.br\/sobre\/"]}]},{"@type":"BreadcrumbList","@id":"https:\/\/www.visitms.com.br\/sobre\/#breadcrumb","itemListElement":[{"@type":"ListItem","position":1,"name":"In\u00edcio","item":"https:\/\/www.visitms.com.br\/"},{"@type":"ListItem","position":2,"name":"Sobre"}]},{"@type":"WebSite","@id":"https:\/\/www.visitms.com.br\/#website","url":"https:\/\/www.visitms.com.br\/","name":"VisitMS","description":"","potentialAction":[{"@type":"SearchAction","target":{"@type":"EntryPoint","urlTemplate":"https:\/\/www.visitms.com.br\/?s={search_term_string}"},"query-input":{"@type":"PropertyValueSpecification","valueRequired":true,"valueName":"search_term_string"}}],"inLanguage":"en-US"}]}},"_links":{"self":[{"href":"https:\/\/www.visitms.com.br\/en\/wp-json\/wp\/v2\/pages\/2023","targetHints":{"allow":["GET"]}}],"collection":[{"href":"https:\/\/www.visitms.com.br\/en\/wp-json\/wp\/v2\/pages"}],"about":[{"href":"https:\/\/www.visitms.com.br\/en\/wp-json\/wp\/v2\/types\/page"}],"author":[{"embeddable":true,"href":"https:\/\/www.visitms.com.br\/en\/wp-json\/wp\/v2\/users\/1"}],"replies":[{"embeddable":true,"href":"https:\/\/www.visitms.com.br\/en\/wp-json\/wp\/v2\/comments?post=2023"}],"version-history":[{"count":2,"href":"https:\/\/www.visitms.com.br\/en\/wp-json\/wp\/v2\/pages\/2023\/revisions"}],"predecessor-version":[{"id":2025,"href":"https:\/\/www.visitms.com.br\/en\/wp-json\/wp\/v2\/pages\/2023\/revisions\/2025"}],"wp:attachment":[{"href":"https:\/\/www.visitms.com.br\/en\/wp-json\/wp\/v2\/media?parent=2023"}],"curies":[{"name":"wp","href":"https:\/\/api.w.org\/{rel}","templated":true}]}}