{"id":65,"date":"2022-04-02T18:49:36","date_gmt":"2022-04-02T21:49:36","guid":{"rendered":"https:\/\/www.visitms.com.br\/?page_id=65"},"modified":"2025-09-23T10:39:35","modified_gmt":"2025-09-23T13:39:35","slug":"caminho-dos-ipes","status":"publish","type":"page","link":"https:\/\/www.visitms.com.br\/en\/caminho-dos-ipes\/","title":{"rendered":"Path of the Ip\u00eas"},"content":{"rendered":"<div class=\"row\">\n<div class=\"col-md-6\">\n<p><strong>Capital of Mato Grosso do Sul, also known as Cidade Morena, Campo Grande is the gateway to (all) the state&#8217;s tourist destinations. With a population of more than 885 thousand inhabitants, it offers quality basic and tourist infrastructure, in addition to having attractions capable of satisfying and delighting the most diverse demands and expectations.<\/strong><\/p>\n<p><strong>With a great vocation for Event Tourism, the city has a tradition of holding agricultural exhibitions, agribusiness fairs, auctions and congresses. It has an international airport, regional airfields, bus station (interstate and international), high-quality hotels, restaurants with a wide variety of regional and international dishes, shopping centers and highly diversified commerce.<\/strong><\/p>\n<\/div>\n<div class=\"col-md-6\">\n<p>In addition to business tourism and events, the city has a good variety of tourist products, mainly in the rural, cultural, gastronomic and ecological tourism segments. It is located in the Caminho dos Ip\u00eas tourist region, in accordance with the MS Tourism Regionalization Program.<\/p>\n<p>Campo Grande is a city with wide streets and avenues and is considered one of the most wooded capitals in the country. The pleasant climate and the Cerrado biome that surrounds us provide closer contact between nature and urban space, making the city inhabited by countless species of birds (more than 300 species). Throughout the city, the population and its visitors live harmoniously with macaws and toucans, as well as several species of mammals, such as capybaras and coatis that live freely in the various urban parks.<\/p>\n<\/div>\n<\/div>\n","protected":false},"excerpt":{"rendered":"<p>In the heart of Mato Grosso do Sul is our capital, Campo Grande. And in its surroundings, many adventure and contemplation destinations to be explored. A mandatory stop for those who want to enjoy the practicality of a big city, while still enjoying a lot of adventure, history and nature.<\/p>\n","protected":false},"author":1,"featured_media":2005,"parent":0,"menu_order":0,"comment_status":"closed","ping_status":"closed","template":"page-destino_.php","meta":{"_acf_changed":false,"footnotes":""},"class_list":["post-65","page","type-page","status-publish","has-post-thumbnail","hentry"],"translation":{"provider":"WPGlobus","version":"3.0.2","language":"en","enabled_languages":["br","en","es"],"languages":{"br":{"title":true,"content":true,"excerpt":false},"en":{"title":true,"content":true,"excerpt":true},"es":{"title":true,"content":true,"excerpt":false}}},"acf":[],"yoast_head":"<!-- This site is optimized with the Yoast SEO plugin v27.3 - https:\/\/yoast.com\/product\/yoast-seo-wordpress\/ -->\n<title>Path of the Ip\u00eas - VisitMS<\/title>\n<meta name=\"robots\" content=\"index, follow, max-snippet:-1, max-image-preview:large, max-video-preview:-1\" \/>\n<link rel=\"canonical\" href=\"https:\/\/www.visitms.com.br\/caminho-dos-ipes\/\" \/>\n<meta property=\"og:locale\" content=\"en_US\" \/>\n<meta property=\"og:type\" content=\"article\" \/>\n<meta property=\"og:title\" content=\"Path of the Ip\u00eas - VisitMS\" \/>\n<meta property=\"og:url\" content=\"https:\/\/www.visitms.com.br\/caminho-dos-ipes\/\" \/>\n<meta property=\"og:site_name\" content=\"VisitMS\" \/>\n<meta property=\"article:modified_time\" content=\"2025-09-23T13:39:35+00:00\" \/>\n<meta property=\"og:image\" content=\"https:\/\/www.visitms.com.br\/wp-content\/uploads\/2022\/04\/banner_Campo-Grande_1920x600px-copy.jpg\" \/>\n\t<meta property=\"og:image:width\" content=\"1920\" \/>\n\t<meta property=\"og:image:height\" content=\"600\" \/>\n\t<meta property=\"og:image:type\" content=\"image\/jpeg\" \/>\n<meta name=\"twitter:card\" content=\"summary_large_image\" \/>\n<meta name=\"twitter:label1\" content=\"Est. reading time\" \/>\n\t<meta name=\"twitter:data1\" content=\"3 minutes\" \/>\n<script type=\"application\/ld+json\" class=\"yoast-schema-graph\">{\"@context\":\"https:\\\/\\\/schema.org\",\"@graph\":[{\"@type\":\"WebPage\",\"@id\":\"https:\\\/\\\/www.visitms.com.br\\\/caminho-dos-ipes\\\/\",\"url\":\"https:\\\/\\\/www.visitms.com.br\\\/caminho-dos-ipes\\\/\",\"name\":\"Path of the Ip\u00eas - VisitMS\",\"isPartOf\":{\"@id\":\"https:\\\/\\\/www.visitms.com.br\\\/#website\"},\"primaryImageOfPage\":{\"@id\":\"https:\\\/\\\/www.visitms.com.br\\\/caminho-dos-ipes\\\/#primaryimage\"},\"image\":{\"@id\":\"https:\\\/\\\/www.visitms.com.br\\\/caminho-dos-ipes\\\/#primaryimage\"},\"thumbnailUrl\":\"https:\\\/\\\/www.visitms.com.br\\\/wp-content\\\/uploads\\\/2022\\\/04\\\/banner_Campo-Grande_1920x600px-copy.jpg\",\"datePublished\":\"2022-04-02T21:49:36+00:00\",\"dateModified\":\"2025-09-23T13:39:35+00:00\",\"description\":\"A regi\u00e3o Campo Grande dos Ip\u00eas oferece uma experi\u00eancia \u00fanica, onde o homem e a natureza coexistem harmoniosamente. Localizada no centro do Mato Grosso do Sul, a regi\u00e3o abrange a capital de Mato Grosso do Sul, Campo Grande, e outros 10 munic\u00edpios que oferecem v\u00e1rias atividades de turismo em meio a natureza.\",\"breadcrumb\":{\"@id\":\"https:\\\/\\\/www.visitms.com.br\\\/caminho-dos-ipes\\\/#breadcrumb\"},\"inLanguage\":\"en-US\",\"potentialAction\":[{\"@type\":\"ReadAction\",\"target\":[\"https:\\\/\\\/www.visitms.com.br\\\/caminho-dos-ipes\\\/\"]}]},{\"@type\":\"ImageObject\",\"inLanguage\":\"en-US\",\"@id\":\"https:\\\/\\\/www.visitms.com.br\\\/caminho-dos-ipes\\\/#primaryimage\",\"url\":\"https:\\\/\\\/www.visitms.com.br\\\/wp-content\\\/uploads\\\/2022\\\/04\\\/banner_Campo-Grande_1920x600px-copy.jpg\",\"contentUrl\":\"https:\\\/\\\/www.visitms.com.br\\\/wp-content\\\/uploads\\\/2022\\\/04\\\/banner_Campo-Grande_1920x600px-copy.jpg\",\"width\":1920,\"height\":600},{\"@type\":\"BreadcrumbList\",\"@id\":\"https:\\\/\\\/www.visitms.com.br\\\/caminho-dos-ipes\\\/#breadcrumb\",\"itemListElement\":[{\"@type\":\"ListItem\",\"position\":1,\"name\":\"In\u00edcio\",\"item\":\"https:\\\/\\\/www.visitms.com.br\\\/\"},{\"@type\":\"ListItem\",\"position\":2,\"name\":\"Regi\u00e3o Tur\u00edstica Campo Grande dos Ip\u00eas\"}]},{\"@type\":\"WebSite\",\"@id\":\"https:\\\/\\\/www.visitms.com.br\\\/#website\",\"url\":\"https:\\\/\\\/www.visitms.com.br\\\/\",\"name\":\"VisitMS\",\"description\":\"\",\"potentialAction\":[{\"@type\":\"SearchAction\",\"target\":{\"@type\":\"EntryPoint\",\"urlTemplate\":\"https:\\\/\\\/www.visitms.com.br\\\/?s={search_term_string}\"},\"query-input\":{\"@type\":\"PropertyValueSpecification\",\"valueRequired\":true,\"valueName\":\"search_term_string\"}}],\"inLanguage\":\"en-US\"}]}<\/script>\n<!-- \/ Yoast SEO plugin. -->","yoast_head_json":{"title":"Path of the Ip\u00eas - VisitMS","robots":{"index":"index","follow":"follow","max-snippet":"max-snippet:-1","max-image-preview":"max-image-preview:large","max-video-preview":"max-video-preview:-1"},"canonical":"https:\/\/www.visitms.com.br\/caminho-dos-ipes\/","og_locale":"en_US","og_type":"article","og_title":"Path of the Ip\u00eas - VisitMS","og_url":"https:\/\/www.visitms.com.br\/caminho-dos-ipes\/","og_site_name":"VisitMS","article_modified_time":"2025-09-23T13:39:35+00:00","og_image":[{"width":1920,"height":600,"url":"https:\/\/www.visitms.com.br\/wp-content\/uploads\/2022\/04\/banner_Campo-Grande_1920x600px-copy.jpg","type":"image\/jpeg"}],"twitter_card":"summary_large_image","twitter_misc":{"Est. reading time":"3 minutes"},"schema":{"@context":"https:\/\/schema.org","@graph":[{"@type":"WebPage","@id":"https:\/\/www.visitms.com.br\/caminho-dos-ipes\/","url":"https:\/\/www.visitms.com.br\/caminho-dos-ipes\/","name":"Path of the Ip\u00eas - VisitMS","isPartOf":{"@id":"https:\/\/www.visitms.com.br\/#website"},"primaryImageOfPage":{"@id":"https:\/\/www.visitms.com.br\/caminho-dos-ipes\/#primaryimage"},"image":{"@id":"https:\/\/www.visitms.com.br\/caminho-dos-ipes\/#primaryimage"},"thumbnailUrl":"https:\/\/www.visitms.com.br\/wp-content\/uploads\/2022\/04\/banner_Campo-Grande_1920x600px-copy.jpg","datePublished":"2022-04-02T21:49:36+00:00","dateModified":"2025-09-23T13:39:35+00:00","description":"A regi\u00e3o Campo Grande dos Ip\u00eas oferece uma experi\u00eancia \u00fanica, onde o homem e a natureza coexistem harmoniosamente. Localizada no centro do Mato Grosso do Sul, a regi\u00e3o abrange a capital de Mato Grosso do Sul, Campo Grande, e outros 10 munic\u00edpios que oferecem v\u00e1rias atividades de turismo em meio a natureza.","breadcrumb":{"@id":"https:\/\/www.visitms.com.br\/caminho-dos-ipes\/#breadcrumb"},"inLanguage":"en-US","potentialAction":[{"@type":"ReadAction","target":["https:\/\/www.visitms.com.br\/caminho-dos-ipes\/"]}]},{"@type":"ImageObject","inLanguage":"en-US","@id":"https:\/\/www.visitms.com.br\/caminho-dos-ipes\/#primaryimage","url":"https:\/\/www.visitms.com.br\/wp-content\/uploads\/2022\/04\/banner_Campo-Grande_1920x600px-copy.jpg","contentUrl":"https:\/\/www.visitms.com.br\/wp-content\/uploads\/2022\/04\/banner_Campo-Grande_1920x600px-copy.jpg","width":1920,"height":600},{"@type":"BreadcrumbList","@id":"https:\/\/www.visitms.com.br\/caminho-dos-ipes\/#breadcrumb","itemListElement":[{"@type":"ListItem","position":1,"name":"In\u00edcio","item":"https:\/\/www.visitms.com.br\/"},{"@type":"ListItem","position":2,"name":"Regi\u00e3o Tur\u00edstica Campo Grande dos Ip\u00eas"}]},{"@type":"WebSite","@id":"https:\/\/www.visitms.com.br\/#website","url":"https:\/\/www.visitms.com.br\/","name":"VisitMS","description":"","potentialAction":[{"@type":"SearchAction","target":{"@type":"EntryPoint","urlTemplate":"https:\/\/www.visitms.com.br\/?s={search_term_string}"},"query-input":{"@type":"PropertyValueSpecification","valueRequired":true,"valueName":"search_term_string"}}],"inLanguage":"en-US"}]}},"_links":{"self":[{"href":"https:\/\/www.visitms.com.br\/en\/wp-json\/wp\/v2\/pages\/65","targetHints":{"allow":["GET"]}}],"collection":[{"href":"https:\/\/www.visitms.com.br\/en\/wp-json\/wp\/v2\/pages"}],"about":[{"href":"https:\/\/www.visitms.com.br\/en\/wp-json\/wp\/v2\/types\/page"}],"author":[{"embeddable":true,"href":"https:\/\/www.visitms.com.br\/en\/wp-json\/wp\/v2\/users\/1"}],"replies":[{"embeddable":true,"href":"https:\/\/www.visitms.com.br\/en\/wp-json\/wp\/v2\/comments?post=65"}],"version-history":[{"count":9,"href":"https:\/\/www.visitms.com.br\/en\/wp-json\/wp\/v2\/pages\/65\/revisions"}],"predecessor-version":[{"id":3171,"href":"https:\/\/www.visitms.com.br\/en\/wp-json\/wp\/v2\/pages\/65\/revisions\/3171"}],"wp:featuredmedia":[{"embeddable":true,"href":"https:\/\/www.visitms.com.br\/en\/wp-json\/wp\/v2\/media\/2005"}],"wp:attachment":[{"href":"https:\/\/www.visitms.com.br\/en\/wp-json\/wp\/v2\/media?parent=65"}],"curies":[{"name":"wp","href":"https:\/\/api.w.org\/{rel}","templated":true}]}}