{"id":68,"date":"2022-04-02T18:52:27","date_gmt":"2022-04-02T21:52:27","guid":{"rendered":"https:\/\/www.visitms.com.br\/?page_id=68"},"modified":"2025-09-22T17:55:09","modified_gmt":"2025-09-22T20:55:09","slug":"rota-pantanal-bonito","status":"publish","type":"page","link":"https:\/\/www.visitms.com.br\/en\/rota-pantanal-bonito\/","title":{"rendered":"ROUTE PANTANAL BONITO"},"content":{"rendered":"<p data-start=\"174\" data-end=\"478\">A <strong data-start=\"176\" data-end=\"200\">Rota Pantanal Bonito<\/strong> oferece uma oportunidade \u00fanica para quem deseja vivenciar o melhor do ecoturismo e do turismo de natureza em uma s\u00f3 viagem. Essa experi\u00eancia permite combinar duas regi\u00f5es emblem\u00e1ticas do Mato Grosso do Sul, cada uma com caracter\u00edsticas naturais \u00fanicas e atra\u00e7\u00f5es imperd\u00edveis.<\/p>\n<p data-start=\"480\" data-end=\"1188\">O <strong data-start=\"482\" data-end=\"494\">Pantanal<\/strong> \u00e9 a maior plan\u00edcie alag\u00e1vel do planeta, famoso pela biodiversidade extraordin\u00e1ria, onde \u00e9 poss\u00edvel observar de perto a vida selvagem em seu habitat natural. A regi\u00e3o encanta com suas paisagens abertas, rios e lagoas, proporcionando atividades como saf\u00e1ris fotogr\u00e1ficos, passeios de barco, pesca esportiva e observa\u00e7\u00e3o de aves e animais t\u00edpicos da regi\u00e3o. Al\u00e9m da natureza, o Pantanal tamb\u00e9m encanta pela <strong data-start=\"899\" data-end=\"931\">cultura e gastronomia locais<\/strong>, oferecendo aos visitantes experi\u00eancias aut\u00eanticas nas pousadas pantaneiras, onde \u00e9 poss\u00edvel saborear pratos t\u00edpicos \u00e0 base de peixes, carne de sol, churrasco e produtos frescos da regi\u00e3o, em um ambiente que traduz o verdadeiro estilo de vida pantaneiro.<\/p>\n<p data-start=\"1190\" data-end=\"1904\">J\u00e1 <strong data-start=\"1193\" data-end=\"1203\">Bonito<\/strong> \u00e9 reconhecido mundialmente por suas <strong data-start=\"1240\" data-end=\"1261\">\u00e1guas cristalinas<\/strong>, grutas, cachoeiras e rios de beleza incompar\u00e1vel. O destino \u00e9 ideal para quem busca experi\u00eancias de ecoturismo como <strong data-start=\"1379\" data-end=\"1463\">flutua\u00e7\u00e3o, mergulho em rios de \u00e1guas cristalinas, trilhas e passeios em cavernas<\/strong>, sempre em contato direto com a natureza. Al\u00e9m disso, Bonito se destaca pela <strong data-start=\"1541\" data-end=\"1562\">gastronomia local<\/strong>, com restaurantes que valorizam ingredientes regionais e pratos t\u00edpicos preparados com responsabilidade ambiental. O munic\u00edpio tamb\u00e9m \u00e9 refer\u00eancia em sustentabilidade, sendo <strong data-start=\"1737\" data-end=\"1798\">o primeiro destino de ecoturismo carbono neutro do Brasil<\/strong>, refor\u00e7ando o compromisso com a <strong data-start=\"1831\" data-end=\"1846\">conserva\u00e7\u00e3o<\/strong> do meio ambiente e a experi\u00eancia de turismo consciente.<\/p>\n<p data-start=\"1906\" data-end=\"2391\">Optar por conhecer os dois destinos em uma \u00fanica viagem traz diversas vantagens. \u00c9 poss\u00edvel aproveitar a <strong data-start=\"2011\" data-end=\"2068\">diversidade de paisagens, ecossistemas e experi\u00eancias<\/strong>, <strong data-start=\"2070\" data-end=\"2127\">da mata atl\u00e2ntica e do cerrado \u00e0s plan\u00edcies alag\u00e1veis<\/strong>, combinando aventura, contempla\u00e7\u00e3o da natureza, cultura local, gastronomia regional e sustentabilidade. Al\u00e9m disso, a log\u00edstica \u00e9 facilitada, com op\u00e7\u00f5es de transporte a\u00e9reo e terrestre integradas, permitindo deslocamentos confort\u00e1veis entre Bonito e o Pantanal.<\/p>\n<p data-start=\"2393\" data-end=\"2785\">A <strong data-start=\"2395\" data-end=\"2419\">Rota Pantanal Bonito<\/strong> \u00e9, portanto, a escolha perfeita para quem deseja <strong data-start=\"2469\" data-end=\"2545\">uma viagem completa de natureza, cultura, gastronomia e sustentabilidade<\/strong>, combinando a observa\u00e7\u00e3o da fauna do Pantanal com as \u00e1guas cristalinas, trilhas e experi\u00eancias sustent\u00e1veis de Bonito, oferecendo momentos inesquec\u00edveis e contato direto com a biodiversidade e os valores ambientais do Mato Grosso do Sul.<\/p>\n","protected":false},"excerpt":{"rendered":"<p>The exotic mixture between Pantanal and Cerrado pleases the most varied types of openers. Birdwatching, trails with cave paintings, canons and many adventure activities fazem dessas regions or perfect terrain for born explorers.<\/p>\n","protected":false},"author":1,"featured_media":2008,"parent":0,"menu_order":0,"comment_status":"closed","ping_status":"closed","template":"page-destino_.php","meta":{"_acf_changed":false,"footnotes":""},"class_list":["post-68","page","type-page","status-publish","has-post-thumbnail","hentry"],"translation":{"provider":"WPGlobus","version":"3.0.2","language":"en","enabled_languages":["br","en","es"],"languages":{"br":{"title":true,"content":true,"excerpt":true},"en":{"title":true,"content":false,"excerpt":true},"es":{"title":true,"content":false,"excerpt":true}}},"acf":[],"yoast_head":"<!-- This site is optimized with the Yoast SEO plugin v27.3 - https:\/\/yoast.com\/product\/yoast-seo-wordpress\/ -->\n<title>ROUTE PANTANAL BONITO - VisitMS<\/title>\n<meta name=\"robots\" content=\"index, follow, max-snippet:-1, max-image-preview:large, max-video-preview:-1\" \/>\n<link rel=\"canonical\" href=\"https:\/\/www.visitms.com.br\/rota-pantanal-bonito\/\" \/>\n<meta property=\"og:locale\" content=\"en_US\" \/>\n<meta property=\"og:type\" content=\"article\" \/>\n<meta property=\"og:title\" content=\"ROUTE PANTANAL BONITO - VisitMS\" \/>\n<meta property=\"og:url\" content=\"https:\/\/www.visitms.com.br\/rota-pantanal-bonito\/\" \/>\n<meta property=\"og:site_name\" content=\"VisitMS\" \/>\n<meta property=\"article:modified_time\" content=\"2025-09-22T20:55:09+00:00\" \/>\n<meta property=\"og:image\" content=\"https:\/\/www.visitms.com.br\/wp-content\/uploads\/2022\/04\/banner_rota-pantanal_1920x600px.jpg\" \/>\n\t<meta property=\"og:image:width\" content=\"1920\" \/>\n\t<meta property=\"og:image:height\" content=\"600\" \/>\n\t<meta property=\"og:image:type\" content=\"image\/jpeg\" \/>\n<meta name=\"twitter:card\" content=\"summary_large_image\" \/>\n<meta name=\"twitter:label1\" content=\"Est. reading time\" \/>\n\t<meta name=\"twitter:data1\" content=\"3 minutes\" \/>\n<script type=\"application\/ld+json\" class=\"yoast-schema-graph\">{\"@context\":\"https:\\\/\\\/schema.org\",\"@graph\":[{\"@type\":\"WebPage\",\"@id\":\"https:\\\/\\\/www.visitms.com.br\\\/rota-pantanal-bonito\\\/\",\"url\":\"https:\\\/\\\/www.visitms.com.br\\\/rota-pantanal-bonito\\\/\",\"name\":\"ROUTE PANTANAL BONITO - VisitMS\",\"isPartOf\":{\"@id\":\"https:\\\/\\\/www.visitms.com.br\\\/#website\"},\"primaryImageOfPage\":{\"@id\":\"https:\\\/\\\/www.visitms.com.br\\\/rota-pantanal-bonito\\\/#primaryimage\"},\"image\":{\"@id\":\"https:\\\/\\\/www.visitms.com.br\\\/rota-pantanal-bonito\\\/#primaryimage\"},\"thumbnailUrl\":\"https:\\\/\\\/www.visitms.com.br\\\/wp-content\\\/uploads\\\/2022\\\/04\\\/banner_rota-pantanal_1920x600px.jpg\",\"datePublished\":\"2022-04-02T21:52:27+00:00\",\"dateModified\":\"2025-09-22T20:55:09+00:00\",\"breadcrumb\":{\"@id\":\"https:\\\/\\\/www.visitms.com.br\\\/rota-pantanal-bonito\\\/#breadcrumb\"},\"inLanguage\":\"en-US\",\"potentialAction\":[{\"@type\":\"ReadAction\",\"target\":[\"https:\\\/\\\/www.visitms.com.br\\\/rota-pantanal-bonito\\\/\"]}]},{\"@type\":\"ImageObject\",\"inLanguage\":\"en-US\",\"@id\":\"https:\\\/\\\/www.visitms.com.br\\\/rota-pantanal-bonito\\\/#primaryimage\",\"url\":\"https:\\\/\\\/www.visitms.com.br\\\/wp-content\\\/uploads\\\/2022\\\/04\\\/banner_rota-pantanal_1920x600px.jpg\",\"contentUrl\":\"https:\\\/\\\/www.visitms.com.br\\\/wp-content\\\/uploads\\\/2022\\\/04\\\/banner_rota-pantanal_1920x600px.jpg\",\"width\":1920,\"height\":600},{\"@type\":\"BreadcrumbList\",\"@id\":\"https:\\\/\\\/www.visitms.com.br\\\/rota-pantanal-bonito\\\/#breadcrumb\",\"itemListElement\":[{\"@type\":\"ListItem\",\"position\":1,\"name\":\"In\u00edcio\",\"item\":\"https:\\\/\\\/www.visitms.com.br\\\/\"},{\"@type\":\"ListItem\",\"position\":2,\"name\":\"ROTA PANTANAL BONITO\"}]},{\"@type\":\"WebSite\",\"@id\":\"https:\\\/\\\/www.visitms.com.br\\\/#website\",\"url\":\"https:\\\/\\\/www.visitms.com.br\\\/\",\"name\":\"VisitMS\",\"description\":\"\",\"potentialAction\":[{\"@type\":\"SearchAction\",\"target\":{\"@type\":\"EntryPoint\",\"urlTemplate\":\"https:\\\/\\\/www.visitms.com.br\\\/?s={search_term_string}\"},\"query-input\":{\"@type\":\"PropertyValueSpecification\",\"valueRequired\":true,\"valueName\":\"search_term_string\"}}],\"inLanguage\":\"en-US\"}]}<\/script>\n<!-- \/ Yoast SEO plugin. -->","yoast_head_json":{"title":"ROUTE PANTANAL BONITO - VisitMS","robots":{"index":"index","follow":"follow","max-snippet":"max-snippet:-1","max-image-preview":"max-image-preview:large","max-video-preview":"max-video-preview:-1"},"canonical":"https:\/\/www.visitms.com.br\/rota-pantanal-bonito\/","og_locale":"en_US","og_type":"article","og_title":"ROUTE PANTANAL BONITO - VisitMS","og_url":"https:\/\/www.visitms.com.br\/rota-pantanal-bonito\/","og_site_name":"VisitMS","article_modified_time":"2025-09-22T20:55:09+00:00","og_image":[{"width":1920,"height":600,"url":"https:\/\/www.visitms.com.br\/wp-content\/uploads\/2022\/04\/banner_rota-pantanal_1920x600px.jpg","type":"image\/jpeg"}],"twitter_card":"summary_large_image","twitter_misc":{"Est. reading time":"3 minutes"},"schema":{"@context":"https:\/\/schema.org","@graph":[{"@type":"WebPage","@id":"https:\/\/www.visitms.com.br\/rota-pantanal-bonito\/","url":"https:\/\/www.visitms.com.br\/rota-pantanal-bonito\/","name":"ROUTE PANTANAL BONITO - VisitMS","isPartOf":{"@id":"https:\/\/www.visitms.com.br\/#website"},"primaryImageOfPage":{"@id":"https:\/\/www.visitms.com.br\/rota-pantanal-bonito\/#primaryimage"},"image":{"@id":"https:\/\/www.visitms.com.br\/rota-pantanal-bonito\/#primaryimage"},"thumbnailUrl":"https:\/\/www.visitms.com.br\/wp-content\/uploads\/2022\/04\/banner_rota-pantanal_1920x600px.jpg","datePublished":"2022-04-02T21:52:27+00:00","dateModified":"2025-09-22T20:55:09+00:00","breadcrumb":{"@id":"https:\/\/www.visitms.com.br\/rota-pantanal-bonito\/#breadcrumb"},"inLanguage":"en-US","potentialAction":[{"@type":"ReadAction","target":["https:\/\/www.visitms.com.br\/rota-pantanal-bonito\/"]}]},{"@type":"ImageObject","inLanguage":"en-US","@id":"https:\/\/www.visitms.com.br\/rota-pantanal-bonito\/#primaryimage","url":"https:\/\/www.visitms.com.br\/wp-content\/uploads\/2022\/04\/banner_rota-pantanal_1920x600px.jpg","contentUrl":"https:\/\/www.visitms.com.br\/wp-content\/uploads\/2022\/04\/banner_rota-pantanal_1920x600px.jpg","width":1920,"height":600},{"@type":"BreadcrumbList","@id":"https:\/\/www.visitms.com.br\/rota-pantanal-bonito\/#breadcrumb","itemListElement":[{"@type":"ListItem","position":1,"name":"In\u00edcio","item":"https:\/\/www.visitms.com.br\/"},{"@type":"ListItem","position":2,"name":"ROTA PANTANAL BONITO"}]},{"@type":"WebSite","@id":"https:\/\/www.visitms.com.br\/#website","url":"https:\/\/www.visitms.com.br\/","name":"VisitMS","description":"","potentialAction":[{"@type":"SearchAction","target":{"@type":"EntryPoint","urlTemplate":"https:\/\/www.visitms.com.br\/?s={search_term_string}"},"query-input":{"@type":"PropertyValueSpecification","valueRequired":true,"valueName":"search_term_string"}}],"inLanguage":"en-US"}]}},"_links":{"self":[{"href":"https:\/\/www.visitms.com.br\/en\/wp-json\/wp\/v2\/pages\/68","targetHints":{"allow":["GET"]}}],"collection":[{"href":"https:\/\/www.visitms.com.br\/en\/wp-json\/wp\/v2\/pages"}],"about":[{"href":"https:\/\/www.visitms.com.br\/en\/wp-json\/wp\/v2\/types\/page"}],"author":[{"embeddable":true,"href":"https:\/\/www.visitms.com.br\/en\/wp-json\/wp\/v2\/users\/1"}],"replies":[{"embeddable":true,"href":"https:\/\/www.visitms.com.br\/en\/wp-json\/wp\/v2\/comments?post=68"}],"version-history":[{"count":10,"href":"https:\/\/www.visitms.com.br\/en\/wp-json\/wp\/v2\/pages\/68\/revisions"}],"predecessor-version":[{"id":3157,"href":"https:\/\/www.visitms.com.br\/en\/wp-json\/wp\/v2\/pages\/68\/revisions\/3157"}],"wp:featuredmedia":[{"embeddable":true,"href":"https:\/\/www.visitms.com.br\/en\/wp-json\/wp\/v2\/media\/2008"}],"wp:attachment":[{"href":"https:\/\/www.visitms.com.br\/en\/wp-json\/wp\/v2\/media?parent=68"}],"curies":[{"name":"wp","href":"https:\/\/api.w.org\/{rel}","templated":true}]}}