{"id":1477,"date":"2022-04-02T19:01:23","date_gmt":"2022-04-02T22:01:23","guid":{"rendered":"https:\/\/www.visitms.com.br\/?page_id=1477"},"modified":"2025-04-03T11:40:50","modified_gmt":"2025-04-03T14:40:50","slug":"birdwatching","status":"publish","type":"page","link":"https:\/\/www.visitms.com.br\/es\/birdwatching\/","title":{"rendered":"Birdwatching"},"content":{"rendered":"<p>Mato Grosso do Sul \u00e9 famoso pela concentra\u00e7\u00e3o de um grande n\u00famero de aves e mam\u00edferos. S\u00e3o mais de 670 esp\u00e9cies que representa 34% da avifauna brasileira.<br \/>\nAlgumas esp\u00e9cies se destacam por sua distribui\u00e7\u00e3o exclusiva no Mato Grosso do Sul em territ\u00f3rio nacional, que s\u00e3o o <strong>rapazinho-do-chaco e a tiriba-fogo<\/strong>, al\u00e9m daquelas com maior probabilidade de registros no estado; <strong>pica-pau-de-barriga-preta,cara-suja-do-pantanal, choca-da-bol\u00edvia, maria-preta-do-sul, maria-preta-acinzentada, caboclinho-do-pantanal, pica-pau-de-testa-branca, rabo-branco-de-barriga-fulva<\/strong><\/p>\n<p>O estado abrange 4 biomas \u2013 Cerrado, Pantanal, Mata Atl\u00e2ntica e Chaco o que faz ter uma diversidade de vida e flora silvestres! Desde seus campos de cerrado a suas serras como a do Amolar, torna uma a experi\u00eancia de passarinhar no Mato Grosso do Sul inesquec\u00edvel.<\/p>\n<p>A vida selvagem \u00e9 um outro destaque aqui, em sua passarinhada \u00e9 poss\u00edvel encontrar tamandu\u00e1-bandeira, tamandu\u00e1-mirim, uma variedade de tatus (peba, galinha e o incr\u00edvel Canastra), anta, cervos, ariranha e lontras, jacar\u00e9s, lobinho, e at\u00e9 os grandes felinos as majestosas on\u00e7a-pintada e a on\u00e7a-parda!<br \/>\nES<\/p>\n","protected":false},"excerpt":{"rendered":"<p>Mato Grosso do Sul \u00e9 famoso pela concentra\u00e7\u00e3o de um grande n\u00famero de aves e mam\u00edferos. S\u00e3o mais de 670 [&hellip;]<\/p>\n","protected":false},"author":1,"featured_media":2017,"parent":0,"menu_order":0,"comment_status":"closed","ping_status":"closed","template":"page-destino_.php","meta":{"_acf_changed":false,"footnotes":""},"class_list":["post-1477","page","type-page","status-publish","has-post-thumbnail","hentry"],"translation":{"provider":"WPGlobus","version":"3.0.2","language":"es","enabled_languages":["br","en","es"],"languages":{"br":{"title":true,"content":true,"excerpt":false},"en":{"title":true,"content":true,"excerpt":true},"es":{"title":true,"content":true,"excerpt":false}}},"acf":[],"yoast_head":"<!-- This site is optimized with the Yoast SEO plugin v27.3 - https:\/\/yoast.com\/product\/yoast-seo-wordpress\/ -->\n<title>Birdwatching - VisitMS<\/title>\n<meta name=\"robots\" content=\"index, follow, max-snippet:-1, max-image-preview:large, max-video-preview:-1\" \/>\n<link rel=\"canonical\" href=\"https:\/\/www.visitms.com.br\/birdwatching\/\" \/>\n<meta property=\"og:locale\" content=\"es_ES\" \/>\n<meta property=\"og:type\" content=\"article\" \/>\n<meta property=\"og:title\" content=\"Birdwatching - VisitMS\" \/>\n<meta property=\"og:url\" content=\"https:\/\/www.visitms.com.br\/birdwatching\/\" \/>\n<meta property=\"og:site_name\" content=\"VisitMS\" \/>\n<meta property=\"article:modified_time\" content=\"2025-04-03T14:40:50+00:00\" \/>\n<meta property=\"og:image\" content=\"https:\/\/www.visitms.com.br\/wp-content\/uploads\/2022\/04\/banner_birdwatching_1920x600px.jpg\" \/>\n\t<meta property=\"og:image:width\" content=\"1920\" \/>\n\t<meta property=\"og:image:height\" content=\"600\" \/>\n\t<meta property=\"og:image:type\" content=\"image\/jpeg\" \/>\n<meta name=\"twitter:card\" content=\"summary_large_image\" \/>\n<meta name=\"twitter:label1\" content=\"Est. reading time\" \/>\n\t<meta name=\"twitter:data1\" content=\"1 minute\" \/>\n<script type=\"application\/ld+json\" class=\"yoast-schema-graph\">{\"@context\":\"https:\\\/\\\/schema.org\",\"@graph\":[{\"@type\":\"WebPage\",\"@id\":\"https:\\\/\\\/www.visitms.com.br\\\/birdwatching\\\/\",\"url\":\"https:\\\/\\\/www.visitms.com.br\\\/birdwatching\\\/\",\"name\":\"Birdwatching - VisitMS\",\"isPartOf\":{\"@id\":\"https:\\\/\\\/www.visitms.com.br\\\/#website\"},\"primaryImageOfPage\":{\"@id\":\"https:\\\/\\\/www.visitms.com.br\\\/birdwatching\\\/#primaryimage\"},\"image\":{\"@id\":\"https:\\\/\\\/www.visitms.com.br\\\/birdwatching\\\/#primaryimage\"},\"thumbnailUrl\":\"https:\\\/\\\/www.visitms.com.br\\\/wp-content\\\/uploads\\\/2022\\\/04\\\/banner_birdwatching_1920x600px.jpg\",\"datePublished\":\"2022-04-02T22:01:23+00:00\",\"dateModified\":\"2025-04-03T14:40:50+00:00\",\"breadcrumb\":{\"@id\":\"https:\\\/\\\/www.visitms.com.br\\\/birdwatching\\\/#breadcrumb\"},\"inLanguage\":\"es-ES\",\"potentialAction\":[{\"@type\":\"ReadAction\",\"target\":[\"https:\\\/\\\/www.visitms.com.br\\\/birdwatching\\\/\"]}]},{\"@type\":\"ImageObject\",\"inLanguage\":\"es-ES\",\"@id\":\"https:\\\/\\\/www.visitms.com.br\\\/birdwatching\\\/#primaryimage\",\"url\":\"https:\\\/\\\/www.visitms.com.br\\\/wp-content\\\/uploads\\\/2022\\\/04\\\/banner_birdwatching_1920x600px.jpg\",\"contentUrl\":\"https:\\\/\\\/www.visitms.com.br\\\/wp-content\\\/uploads\\\/2022\\\/04\\\/banner_birdwatching_1920x600px.jpg\",\"width\":1920,\"height\":600},{\"@type\":\"BreadcrumbList\",\"@id\":\"https:\\\/\\\/www.visitms.com.br\\\/birdwatching\\\/#breadcrumb\",\"itemListElement\":[{\"@type\":\"ListItem\",\"position\":1,\"name\":\"In\u00edcio\",\"item\":\"https:\\\/\\\/www.visitms.com.br\\\/\"},{\"@type\":\"ListItem\",\"position\":2,\"name\":\"Birdwatching\"}]},{\"@type\":\"WebSite\",\"@id\":\"https:\\\/\\\/www.visitms.com.br\\\/#website\",\"url\":\"https:\\\/\\\/www.visitms.com.br\\\/\",\"name\":\"VisitMS\",\"description\":\"\",\"potentialAction\":[{\"@type\":\"SearchAction\",\"target\":{\"@type\":\"EntryPoint\",\"urlTemplate\":\"https:\\\/\\\/www.visitms.com.br\\\/?s={search_term_string}\"},\"query-input\":{\"@type\":\"PropertyValueSpecification\",\"valueRequired\":true,\"valueName\":\"search_term_string\"}}],\"inLanguage\":\"es-ES\"}]}<\/script>\n<!-- \/ Yoast SEO plugin. -->","yoast_head_json":{"title":"Birdwatching - VisitMS","robots":{"index":"index","follow":"follow","max-snippet":"max-snippet:-1","max-image-preview":"max-image-preview:large","max-video-preview":"max-video-preview:-1"},"canonical":"https:\/\/www.visitms.com.br\/birdwatching\/","og_locale":"es_ES","og_type":"article","og_title":"Birdwatching - VisitMS","og_url":"https:\/\/www.visitms.com.br\/birdwatching\/","og_site_name":"VisitMS","article_modified_time":"2025-04-03T14:40:50+00:00","og_image":[{"width":1920,"height":600,"url":"https:\/\/www.visitms.com.br\/wp-content\/uploads\/2022\/04\/banner_birdwatching_1920x600px.jpg","type":"image\/jpeg"}],"twitter_card":"summary_large_image","twitter_misc":{"Est. reading time":"1 minute"},"schema":{"@context":"https:\/\/schema.org","@graph":[{"@type":"WebPage","@id":"https:\/\/www.visitms.com.br\/birdwatching\/","url":"https:\/\/www.visitms.com.br\/birdwatching\/","name":"Birdwatching - VisitMS","isPartOf":{"@id":"https:\/\/www.visitms.com.br\/#website"},"primaryImageOfPage":{"@id":"https:\/\/www.visitms.com.br\/birdwatching\/#primaryimage"},"image":{"@id":"https:\/\/www.visitms.com.br\/birdwatching\/#primaryimage"},"thumbnailUrl":"https:\/\/www.visitms.com.br\/wp-content\/uploads\/2022\/04\/banner_birdwatching_1920x600px.jpg","datePublished":"2022-04-02T22:01:23+00:00","dateModified":"2025-04-03T14:40:50+00:00","breadcrumb":{"@id":"https:\/\/www.visitms.com.br\/birdwatching\/#breadcrumb"},"inLanguage":"es-ES","potentialAction":[{"@type":"ReadAction","target":["https:\/\/www.visitms.com.br\/birdwatching\/"]}]},{"@type":"ImageObject","inLanguage":"es-ES","@id":"https:\/\/www.visitms.com.br\/birdwatching\/#primaryimage","url":"https:\/\/www.visitms.com.br\/wp-content\/uploads\/2022\/04\/banner_birdwatching_1920x600px.jpg","contentUrl":"https:\/\/www.visitms.com.br\/wp-content\/uploads\/2022\/04\/banner_birdwatching_1920x600px.jpg","width":1920,"height":600},{"@type":"BreadcrumbList","@id":"https:\/\/www.visitms.com.br\/birdwatching\/#breadcrumb","itemListElement":[{"@type":"ListItem","position":1,"name":"In\u00edcio","item":"https:\/\/www.visitms.com.br\/"},{"@type":"ListItem","position":2,"name":"Birdwatching"}]},{"@type":"WebSite","@id":"https:\/\/www.visitms.com.br\/#website","url":"https:\/\/www.visitms.com.br\/","name":"VisitMS","description":"","potentialAction":[{"@type":"SearchAction","target":{"@type":"EntryPoint","urlTemplate":"https:\/\/www.visitms.com.br\/?s={search_term_string}"},"query-input":{"@type":"PropertyValueSpecification","valueRequired":true,"valueName":"search_term_string"}}],"inLanguage":"es-ES"}]}},"_links":{"self":[{"href":"https:\/\/www.visitms.com.br\/es\/wp-json\/wp\/v2\/pages\/1477","targetHints":{"allow":["GET"]}}],"collection":[{"href":"https:\/\/www.visitms.com.br\/es\/wp-json\/wp\/v2\/pages"}],"about":[{"href":"https:\/\/www.visitms.com.br\/es\/wp-json\/wp\/v2\/types\/page"}],"author":[{"embeddable":true,"href":"https:\/\/www.visitms.com.br\/es\/wp-json\/wp\/v2\/users\/1"}],"replies":[{"embeddable":true,"href":"https:\/\/www.visitms.com.br\/es\/wp-json\/wp\/v2\/comments?post=1477"}],"version-history":[{"count":5,"href":"https:\/\/www.visitms.com.br\/es\/wp-json\/wp\/v2\/pages\/1477\/revisions"}],"predecessor-version":[{"id":3128,"href":"https:\/\/www.visitms.com.br\/es\/wp-json\/wp\/v2\/pages\/1477\/revisions\/3128"}],"wp:featuredmedia":[{"embeddable":true,"href":"https:\/\/www.visitms.com.br\/es\/wp-json\/wp\/v2\/media\/2017"}],"wp:attachment":[{"href":"https:\/\/www.visitms.com.br\/es\/wp-json\/wp\/v2\/media?parent=1477"}],"curies":[{"name":"wp","href":"https:\/\/api.w.org\/{rel}","templated":true}]}}