{"id":2028,"date":"2022-04-02T19:13:59","date_gmt":"2022-04-02T22:13:59","guid":{"rendered":"https:\/\/www.visitms.com.br\/?page_id=2028"},"modified":"2023-07-07T10:50:46","modified_gmt":"2023-07-07T13:50:46","slug":"expediente","status":"publish","type":"page","link":"https:\/\/www.visitms.com.br\/es\/expediente\/","title":{"rendered":"Expediente"},"content":{"rendered":"<p class=\"wp-block-heading\"><strong>FUNDA\u00c7\u00c3O DE TURISMO DE MATO GROSSO DO SUL &#8211; FUNDTUR<\/strong><\/p>\n<p>Institu\u00edda pelo Decreto n. 10.552 de 14 de novembro de 2001, com base na autoriza\u00e7\u00e3o constante na Lei n. 2.307 de 9 de outubro de 2001, vinculada \u00e0 Secretaria de Estado de Turismo, Esporte, Cultura e Cidadania, \u00e9 pessoa jur\u00eddica de direito p\u00fablico, sem fins lucrativos\u00a0\u00a0com patrim\u00f4nio pr\u00f3prio, autonomia administrativa e financeira, sede e foro na Capital do Estado, prazo de dura\u00e7\u00e3o indeterminado e rege-se pelo C\u00f3digo Civil Brasileiro, pela legisla\u00e7\u00e3o complementar e pelo Estatuto aprovado pelo Decreto n\u00ba 15.623, de 1\u00b0 de mar\u00e7o de 2021.<\/p>\n<p class=\"wp-block-heading\"><strong>MISS\u00c3O<\/strong><\/p>\n<p>Fomentar o desenvolvimento respons\u00e1vel da atividade tur\u00edstica no Estado, por meio da implementa\u00e7\u00e3o de\u00a0pol\u00edticas p\u00fablicas efetivas e integra\u00e7\u00e3o da gest\u00e3o que posicionem o Turismo como um dos principais\u00a0segmentos econ\u00f4micos do Mato Grosso do Sul.<\/p>\n<hr class=\"wp-block-separator has-alpha-channel-opacity is-style-wide\" \/>\n<p class=\"wp-block-heading\"><strong>GOVERNADOR DO ESTADO DE MATO GROSSO DO SUL<\/strong><\/p>\n<p>Eduardo Riedel<\/p>\n<p class=\"wp-block-heading\"><strong>SECRET\u00c1RIO DE ESTADO DE TURISMO, ESPORTE, CULTURA E CIDADANIA (SETESCC)<\/strong><\/p>\n<p>Marcelo Miranda<\/p>\n<p class=\"wp-block-heading\"><strong>DIRETOR-PRESIDENTE<\/strong><\/p>\n<p>Bruno Wendling<\/p>\n<p><strong>DIRETOR-EXECUTIVO<\/strong><\/p>\n<p>Diego Garcia Santos<\/p>\n<p><strong>UNIDADE SECCIONAL DE CONTROLE INTERNO<\/strong><\/p>\n<p>Danielle Cardoso de Moura<\/p>\n<p class=\"wp-block-heading\"><strong>ASSESSORIA DE GABINETE<\/strong><\/p>\n<p>Samanta David da Silva<\/p>\n<p class=\"wp-block-heading\"><strong>PROCURADORIA JUR\u00cdDICA<\/strong><\/p>\n<p>Janice Santana Rissato<\/p>\n<p>Sheila Cafure Bolssonaro<\/p>\n<p class=\"wp-block-heading\"><strong>ASSESSORIA DE COMUNICA\u00c7\u00c3O E MARKETING<\/strong><\/p>\n<p>D\u00e9bora Bordin<\/p>\n<p class=\"wp-block-heading\"><strong>DIRETORIA DE DESENVOLVIMENTO DO TURISMO<\/strong><\/p>\n<p>Geancarlo de Lima Merighi]<\/p>\n<p><strong>GER\u00caNCIA DE ESTRUTURA\u00c7\u00c3O E INOVA\u00c7\u00c3O DA OFERTA TUR\u00cdSTICA<\/strong><\/p>\n<p>Edson Moroni\u00a0Vicente Cardoso Marques<\/p>\n<p><strong>GER\u00caNCIA DE DESENVOLVIMENTO E GOVERNAN\u00c7A TUR\u00cdSTICA<\/strong><\/p>\n<p>Cristiane Ferrari<\/p>\n<p class=\"wp-block-heading\"><strong>DIRETORIA\u00a0<\/strong><strong>DE ADMINISTRA\u00c7\u00c3O<\/strong><\/p>\n<p>Tania Mara Nogueira de Souza Bazo<\/p>\n<p><strong>GER\u00caNCIA DE ADMINISTRA\u00c7\u00c3O E FINAN\u00c7AS<\/strong><\/p>\n<p>Maria Helena Martins Alves de Assis<\/p>\n<p><strong>GER\u00caNCIA DE FEIRAS E EVENTOS<\/strong><\/p>\n<p>Marlise Monteiro de Souza Gasparetto<\/p>\n<p><strong>GER\u00caNCIA DE MARKETING E COMUNICA\u00c7\u00c3O<\/strong><\/p>\n<p>Juliana Mayara Queiroz<\/p>\n<p><strong>GER\u00caNCIA DO OBSERVAT\u00d3RIO DE TURISMO DE MATO GROSSO DO SUL<\/strong><\/p>\n<p>Danielle Cardoso de Moura<\/p>\n<p class=\"wp-block-heading\"><strong>GER\u00caNCIA DO CENTRO DE CONVEN\u00c7\u00d5ES ARQUITETO RUBENS GIL DE CAMILLO\u00a0<\/strong><\/p>\n<p>Fabiana de Carvalho Lima<\/p>\n<p class=\"wp-block-heading\"><strong>LGPD (LEI GERAL DE PROTE\u00c7\u00c3O DE DADOS)<\/strong><\/p>\n<p>Diego Garcia Santos &#8211; Encarregado (Decreto Estadual n\u00b0 15.572\/2020)<br \/>\nTelefone &#8211; (67) 3318-7617<br \/>\nE-mail &#8211;\u00a0<a href=\"mailto:dsantos@fundtur.ms.gov.br\" target=\"_blank\" rel=\"noreferrer noopener\">dsantos@fundtur.ms.gov.br<\/a><\/p>\n<p>Av. Afonso Pena, 7000 &#8211; Parque das Na\u00e7\u00f5es Ind\u00edgenas &#8211; Portal Guarani &#8211; Campo Grande\/MS &#8211; CEP 79031-010<br \/>\nPABX (67) 3318.7600 &#8211; Email: <a href=\"mailto:fturismo@fundtur.ms.gov.br\">fturismo@fundtur.ms.gov.br<\/a><\/p>\n<p><strong>Servi\u00e7o de Informa\u00e7\u00f5es Tur\u00edsticas<\/strong>\u00a00800 647 6050<\/p>\n<p><a href=\"http:\/\/www.turismo.ms.gov.br\/\">www.turismo.ms.gov.br<\/a><br \/>\n<a href=\"http:\/\/www.facebook.com\/visitmsoficial\">www.facebook.com\/visitmsoficial<\/a><br \/>\n<a href=\"http:\/\/www.twitter.com\/visitmsoficial\">www.twitter.com\/visitmsoficial<\/a><br \/>\n<a href=\"http:\/\/www.instagram.com\/visitmsoficial\">www.instagram.com\/visitmsoficial<\/a><\/p>\n","protected":false},"excerpt":{"rendered":"<p>FUNDA\u00c7\u00c3O DE TURISMO DE MATO GROSSO DO SUL &#8211; FUNDTUR Institu\u00edda pelo Decreto n. 10.552 de 14 de novembro de [&hellip;]<\/p>\n","protected":false},"author":1,"featured_media":0,"parent":0,"menu_order":0,"comment_status":"closed","ping_status":"closed","template":"","meta":{"_acf_changed":false,"footnotes":""},"class_list":["post-2028","page","type-page","status-publish","hentry"],"translation":{"provider":"WPGlobus","version":"3.0.2","language":"es","enabled_languages":["br","en","es"],"languages":{"br":{"title":true,"content":true,"excerpt":false},"en":{"title":false,"content":false,"excerpt":false},"es":{"title":false,"content":false,"excerpt":false}}},"acf":[],"yoast_head":"<!-- This site is optimized with the Yoast SEO plugin v27.3 - https:\/\/yoast.com\/product\/yoast-seo-wordpress\/ -->\n<title>Expediente - VisitMS<\/title>\n<meta name=\"robots\" content=\"index, follow, max-snippet:-1, max-image-preview:large, max-video-preview:-1\" \/>\n<link rel=\"canonical\" href=\"https:\/\/www.visitms.com.br\/expediente\/\" \/>\n<meta property=\"og:locale\" content=\"es_ES\" \/>\n<meta property=\"og:type\" content=\"article\" \/>\n<meta property=\"og:title\" content=\"Expediente - VisitMS\" \/>\n<meta property=\"og:url\" content=\"https:\/\/www.visitms.com.br\/expediente\/\" \/>\n<meta property=\"og:site_name\" content=\"VisitMS\" \/>\n<meta property=\"article:modified_time\" content=\"2023-07-07T13:50:46+00:00\" \/>\n<meta name=\"twitter:card\" content=\"summary_large_image\" \/>\n<meta name=\"twitter:label1\" content=\"Est. reading time\" \/>\n\t<meta name=\"twitter:data1\" content=\"2 minutes\" \/>\n<script type=\"application\/ld+json\" class=\"yoast-schema-graph\">{\"@context\":\"https:\\\/\\\/schema.org\",\"@graph\":[{\"@type\":\"WebPage\",\"@id\":\"https:\\\/\\\/www.visitms.com.br\\\/expediente\\\/\",\"url\":\"https:\\\/\\\/www.visitms.com.br\\\/expediente\\\/\",\"name\":\"Expediente - VisitMS\",\"isPartOf\":{\"@id\":\"https:\\\/\\\/www.visitms.com.br\\\/#website\"},\"datePublished\":\"2022-04-02T22:13:59+00:00\",\"dateModified\":\"2023-07-07T13:50:46+00:00\",\"description\":\"MISS\u00c3OFomentar o desenvolvimento respons\u00e1vel da atividade tur\u00edstica no Estado, por meio da implementa\u00e7\u00e3o de\u00a0pol\u00edticas p\u00fablicas efetivas e integra\u00e7\u00e3o da gest\u00e3o que posicionem o Turismo como um dos principais\u00a0segmentos econ\u00f4micos do Mato Grosso do Sul.\",\"breadcrumb\":{\"@id\":\"https:\\\/\\\/www.visitms.com.br\\\/expediente\\\/#breadcrumb\"},\"inLanguage\":\"es-ES\",\"potentialAction\":[{\"@type\":\"ReadAction\",\"target\":[\"https:\\\/\\\/www.visitms.com.br\\\/expediente\\\/\"]}]},{\"@type\":\"BreadcrumbList\",\"@id\":\"https:\\\/\\\/www.visitms.com.br\\\/expediente\\\/#breadcrumb\",\"itemListElement\":[{\"@type\":\"ListItem\",\"position\":1,\"name\":\"In\u00edcio\",\"item\":\"https:\\\/\\\/www.visitms.com.br\\\/\"},{\"@type\":\"ListItem\",\"position\":2,\"name\":\"Expediente\"}]},{\"@type\":\"WebSite\",\"@id\":\"https:\\\/\\\/www.visitms.com.br\\\/#website\",\"url\":\"https:\\\/\\\/www.visitms.com.br\\\/\",\"name\":\"VisitMS\",\"description\":\"\",\"potentialAction\":[{\"@type\":\"SearchAction\",\"target\":{\"@type\":\"EntryPoint\",\"urlTemplate\":\"https:\\\/\\\/www.visitms.com.br\\\/?s={search_term_string}\"},\"query-input\":{\"@type\":\"PropertyValueSpecification\",\"valueRequired\":true,\"valueName\":\"search_term_string\"}}],\"inLanguage\":\"es-ES\"}]}<\/script>\n<!-- \/ Yoast SEO plugin. -->","yoast_head_json":{"title":"Expediente - VisitMS","robots":{"index":"index","follow":"follow","max-snippet":"max-snippet:-1","max-image-preview":"max-image-preview:large","max-video-preview":"max-video-preview:-1"},"canonical":"https:\/\/www.visitms.com.br\/expediente\/","og_locale":"es_ES","og_type":"article","og_title":"Expediente - VisitMS","og_url":"https:\/\/www.visitms.com.br\/expediente\/","og_site_name":"VisitMS","article_modified_time":"2023-07-07T13:50:46+00:00","twitter_card":"summary_large_image","twitter_misc":{"Est. reading time":"2 minutes"},"schema":{"@context":"https:\/\/schema.org","@graph":[{"@type":"WebPage","@id":"https:\/\/www.visitms.com.br\/expediente\/","url":"https:\/\/www.visitms.com.br\/expediente\/","name":"Expediente - VisitMS","isPartOf":{"@id":"https:\/\/www.visitms.com.br\/#website"},"datePublished":"2022-04-02T22:13:59+00:00","dateModified":"2023-07-07T13:50:46+00:00","description":"MISS\u00c3OFomentar o desenvolvimento respons\u00e1vel da atividade tur\u00edstica no Estado, por meio da implementa\u00e7\u00e3o de\u00a0pol\u00edticas p\u00fablicas efetivas e integra\u00e7\u00e3o da gest\u00e3o que posicionem o Turismo como um dos principais\u00a0segmentos econ\u00f4micos do Mato Grosso do Sul.","breadcrumb":{"@id":"https:\/\/www.visitms.com.br\/expediente\/#breadcrumb"},"inLanguage":"es-ES","potentialAction":[{"@type":"ReadAction","target":["https:\/\/www.visitms.com.br\/expediente\/"]}]},{"@type":"BreadcrumbList","@id":"https:\/\/www.visitms.com.br\/expediente\/#breadcrumb","itemListElement":[{"@type":"ListItem","position":1,"name":"In\u00edcio","item":"https:\/\/www.visitms.com.br\/"},{"@type":"ListItem","position":2,"name":"Expediente"}]},{"@type":"WebSite","@id":"https:\/\/www.visitms.com.br\/#website","url":"https:\/\/www.visitms.com.br\/","name":"VisitMS","description":"","potentialAction":[{"@type":"SearchAction","target":{"@type":"EntryPoint","urlTemplate":"https:\/\/www.visitms.com.br\/?s={search_term_string}"},"query-input":{"@type":"PropertyValueSpecification","valueRequired":true,"valueName":"search_term_string"}}],"inLanguage":"es-ES"}]}},"_links":{"self":[{"href":"https:\/\/www.visitms.com.br\/es\/wp-json\/wp\/v2\/pages\/2028","targetHints":{"allow":["GET"]}}],"collection":[{"href":"https:\/\/www.visitms.com.br\/es\/wp-json\/wp\/v2\/pages"}],"about":[{"href":"https:\/\/www.visitms.com.br\/es\/wp-json\/wp\/v2\/types\/page"}],"author":[{"embeddable":true,"href":"https:\/\/www.visitms.com.br\/es\/wp-json\/wp\/v2\/users\/1"}],"replies":[{"embeddable":true,"href":"https:\/\/www.visitms.com.br\/es\/wp-json\/wp\/v2\/comments?post=2028"}],"version-history":[{"count":4,"href":"https:\/\/www.visitms.com.br\/es\/wp-json\/wp\/v2\/pages\/2028\/revisions"}],"predecessor-version":[{"id":2586,"href":"https:\/\/www.visitms.com.br\/es\/wp-json\/wp\/v2\/pages\/2028\/revisions\/2586"}],"wp:attachment":[{"href":"https:\/\/www.visitms.com.br\/es\/wp-json\/wp\/v2\/media?parent=2028"}],"curies":[{"name":"wp","href":"https:\/\/api.w.org\/{rel}","templated":true}]}}