{"id":62,"date":"2022-04-02T18:22:07","date_gmt":"2022-04-02T21:22:07","guid":{"rendered":"https:\/\/www.visitms.com.br\/?page_id=62"},"modified":"2025-09-25T14:53:42","modified_gmt":"2025-09-25T17:53:42","slug":"pantanal-mato-grosso-do-sul","status":"publish","type":"page","link":"https:\/\/www.visitms.com.br\/es\/pantanal-mato-grosso-do-sul\/","title":{"rendered":"PANTANAL"},"content":{"rendered":"<p>El Pantanal es un \u00e1rea mayor de agua doce del mundo, con un \u00e1rea de aproximadamente 200.000 km\u00b2, y abre una de las m\u00e1s impresionantes diversidades biol\u00f3gicas del planeta. Vivem mais de 650 especies de aves, 80 de mam\u00edferos, 50 de reptiles y 230 de peces. El bioma abarca tres grandes ecosistemas: Pantanal-Cerrado (Brasil), Floresta Seca Chiquitana (Bol\u00edvia) y Chaco (Paragua\u00ed), caracter\u00edsticas que le confieren la condici\u00f3n de Reserva Natural de la Biosfera (UNESCO\/2000). El Complexo de \u00c1reas Protegidas do Pantanal (MS y MT) tambi\u00e9n est\u00e1 listado como Patrim\u00f4nio Natural Mundial (UNESCO\/2000). \u00c9 considerado o mais preservado dos biomas do Brasil.<\/p>\n<p>Mato Grosso do Sul abre aproximadamente el 65% del \u00e1rea total del Pantanal y es considerado uno de los mejores destinos para apreciar la vida silvestre en el mundo. \u00c9 um dos destinos brasileiros mais procurados por amantes del ecoturismo en \u00e1reas naturales y \u00e9 considerado un verdadero para\u00edso para observadores de aves y fot\u00f3grafos de fauna y flora.<\/p>\n<p>Por su diversidad geogr\u00e1fica, el Pantanal puede ser desfrutado por tierra o por agua durante el a\u00f1o todo en sus diversas regiones. Los cruzeiros fluviais ecol\u00f3gicos son atractivos inesquec\u00edveis, tanto para familias en busca de experiencias contemplativas, como para aficionados a la pr\u00e1ctica de la pesca deportiva (pesque-e-solte) en barcos-hot\u00e9is de primera clase.<\/p>\n<p>Por tierra, el Pantanal puede ser vivenciado en hoteles-fazendas y posadas rurales, algunas de las plazas centenarias, que ofrecen programas como safaris fotogr\u00e1ficos diurnos y nocturnos, cavalgadas, trilhas ecol\u00f3gicas, con oportunidades de conocer y convivir con las tradiciones de la cultura pantaneira e, Especialmente, saborear su deliciosa gastronom\u00eda.<\/p>\n","protected":false},"excerpt":{"rendered":"<p>Descubre una de las reservas naturales m\u00e1s exuberantes y diversas del planeta. Paisajes inolvidables, sorpresas y la incre\u00edble experiencia de encontrarse cara a cara con animales en su h\u00e1bitat natural. Y no deje de descubrir la riqueza de la cultura del Pantanal, experimentando la sencillez y la magia de la vida en armon\u00eda con la naturaleza.<\/p>\n","protected":false},"author":1,"featured_media":1999,"parent":0,"menu_order":0,"comment_status":"closed","ping_status":"closed","template":"page-destino_.php","meta":{"_acf_changed":false,"footnotes":""},"class_list":["post-62","page","type-page","status-publish","has-post-thumbnail","hentry"],"translation":{"provider":"WPGlobus","version":"3.0.2","language":"es","enabled_languages":["br","en","es"],"languages":{"br":{"title":true,"content":true,"excerpt":true},"en":{"title":true,"content":true,"excerpt":true},"es":{"title":true,"content":true,"excerpt":true}}},"acf":[],"yoast_head":"<!-- This site is optimized with the Yoast SEO plugin v27.3 - https:\/\/yoast.com\/product\/yoast-seo-wordpress\/ -->\n<title>PANTANAL - VisitMS<\/title>\n<meta name=\"robots\" content=\"index, follow, max-snippet:-1, max-image-preview:large, max-video-preview:-1\" \/>\n<link rel=\"canonical\" href=\"https:\/\/www.visitms.com.br\/pantanal-mato-grosso-do-sul\/\" \/>\n<meta property=\"og:locale\" content=\"es_ES\" \/>\n<meta property=\"og:type\" content=\"article\" \/>\n<meta property=\"og:title\" content=\"PANTANAL - VisitMS\" \/>\n<meta property=\"og:url\" content=\"https:\/\/www.visitms.com.br\/pantanal-mato-grosso-do-sul\/\" \/>\n<meta property=\"og:site_name\" content=\"VisitMS\" \/>\n<meta property=\"article:modified_time\" content=\"2025-09-25T17:53:42+00:00\" \/>\n<meta property=\"og:image\" content=\"https:\/\/www.visitms.com.br\/wp-content\/uploads\/2022\/04\/banner_Pantanal_1920x600px.jpg\" \/>\n\t<meta property=\"og:image:width\" content=\"1920\" \/>\n\t<meta property=\"og:image:height\" content=\"600\" \/>\n\t<meta property=\"og:image:type\" content=\"image\/jpeg\" \/>\n<meta name=\"twitter:card\" content=\"summary_large_image\" \/>\n<meta name=\"twitter:label1\" content=\"Est. reading time\" \/>\n\t<meta name=\"twitter:data1\" content=\"2 minutes\" \/>\n<script type=\"application\/ld+json\" class=\"yoast-schema-graph\">{\"@context\":\"https:\\\/\\\/schema.org\",\"@graph\":[{\"@type\":\"WebPage\",\"@id\":\"https:\\\/\\\/www.visitms.com.br\\\/pantanal-mato-grosso-do-sul\\\/\",\"url\":\"https:\\\/\\\/www.visitms.com.br\\\/pantanal-mato-grosso-do-sul\\\/\",\"name\":\"PANTANAL - VisitMS\",\"isPartOf\":{\"@id\":\"https:\\\/\\\/www.visitms.com.br\\\/#website\"},\"primaryImageOfPage\":{\"@id\":\"https:\\\/\\\/www.visitms.com.br\\\/pantanal-mato-grosso-do-sul\\\/#primaryimage\"},\"image\":{\"@id\":\"https:\\\/\\\/www.visitms.com.br\\\/pantanal-mato-grosso-do-sul\\\/#primaryimage\"},\"thumbnailUrl\":\"https:\\\/\\\/www.visitms.com.br\\\/wp-content\\\/uploads\\\/2022\\\/04\\\/banner_Pantanal_1920x600px.jpg\",\"datePublished\":\"2022-04-02T21:22:07+00:00\",\"dateModified\":\"2025-09-25T17:53:42+00:00\",\"description\":\"Descubra o Pantanal sul-mato-grossense, Patrim\u00f4nio Natural da Humanidade. Explore sua biodiversidade, cultura pantaneira, gastronomia t\u00edpica e cidades como Aquidauana, Miranda, Corumb\u00e1, Porto Murtinho e Coxim em uma experi\u00eancia \u00fanica de ecoturismo no Brasil.\",\"breadcrumb\":{\"@id\":\"https:\\\/\\\/www.visitms.com.br\\\/pantanal-mato-grosso-do-sul\\\/#breadcrumb\"},\"inLanguage\":\"es-ES\",\"potentialAction\":[{\"@type\":\"ReadAction\",\"target\":[\"https:\\\/\\\/www.visitms.com.br\\\/pantanal-mato-grosso-do-sul\\\/\"]}]},{\"@type\":\"ImageObject\",\"inLanguage\":\"es-ES\",\"@id\":\"https:\\\/\\\/www.visitms.com.br\\\/pantanal-mato-grosso-do-sul\\\/#primaryimage\",\"url\":\"https:\\\/\\\/www.visitms.com.br\\\/wp-content\\\/uploads\\\/2022\\\/04\\\/banner_Pantanal_1920x600px.jpg\",\"contentUrl\":\"https:\\\/\\\/www.visitms.com.br\\\/wp-content\\\/uploads\\\/2022\\\/04\\\/banner_Pantanal_1920x600px.jpg\",\"width\":1920,\"height\":600},{\"@type\":\"BreadcrumbList\",\"@id\":\"https:\\\/\\\/www.visitms.com.br\\\/pantanal-mato-grosso-do-sul\\\/#breadcrumb\",\"itemListElement\":[{\"@type\":\"ListItem\",\"position\":1,\"name\":\"In\u00edcio\",\"item\":\"https:\\\/\\\/www.visitms.com.br\\\/\"},{\"@type\":\"ListItem\",\"position\":2,\"name\":\"PANTANAL &#8211; MATO GROSSO DO SUL\"}]},{\"@type\":\"WebSite\",\"@id\":\"https:\\\/\\\/www.visitms.com.br\\\/#website\",\"url\":\"https:\\\/\\\/www.visitms.com.br\\\/\",\"name\":\"VisitMS\",\"description\":\"\",\"potentialAction\":[{\"@type\":\"SearchAction\",\"target\":{\"@type\":\"EntryPoint\",\"urlTemplate\":\"https:\\\/\\\/www.visitms.com.br\\\/?s={search_term_string}\"},\"query-input\":{\"@type\":\"PropertyValueSpecification\",\"valueRequired\":true,\"valueName\":\"search_term_string\"}}],\"inLanguage\":\"es-ES\"}]}<\/script>\n<!-- \/ Yoast SEO plugin. -->","yoast_head_json":{"title":"PANTANAL - VisitMS","robots":{"index":"index","follow":"follow","max-snippet":"max-snippet:-1","max-image-preview":"max-image-preview:large","max-video-preview":"max-video-preview:-1"},"canonical":"https:\/\/www.visitms.com.br\/pantanal-mato-grosso-do-sul\/","og_locale":"es_ES","og_type":"article","og_title":"PANTANAL - VisitMS","og_url":"https:\/\/www.visitms.com.br\/pantanal-mato-grosso-do-sul\/","og_site_name":"VisitMS","article_modified_time":"2025-09-25T17:53:42+00:00","og_image":[{"width":1920,"height":600,"url":"https:\/\/www.visitms.com.br\/wp-content\/uploads\/2022\/04\/banner_Pantanal_1920x600px.jpg","type":"image\/jpeg"}],"twitter_card":"summary_large_image","twitter_misc":{"Est. reading time":"2 minutes"},"schema":{"@context":"https:\/\/schema.org","@graph":[{"@type":"WebPage","@id":"https:\/\/www.visitms.com.br\/pantanal-mato-grosso-do-sul\/","url":"https:\/\/www.visitms.com.br\/pantanal-mato-grosso-do-sul\/","name":"PANTANAL - VisitMS","isPartOf":{"@id":"https:\/\/www.visitms.com.br\/#website"},"primaryImageOfPage":{"@id":"https:\/\/www.visitms.com.br\/pantanal-mato-grosso-do-sul\/#primaryimage"},"image":{"@id":"https:\/\/www.visitms.com.br\/pantanal-mato-grosso-do-sul\/#primaryimage"},"thumbnailUrl":"https:\/\/www.visitms.com.br\/wp-content\/uploads\/2022\/04\/banner_Pantanal_1920x600px.jpg","datePublished":"2022-04-02T21:22:07+00:00","dateModified":"2025-09-25T17:53:42+00:00","description":"Descubra o Pantanal sul-mato-grossense, Patrim\u00f4nio Natural da Humanidade. Explore sua biodiversidade, cultura pantaneira, gastronomia t\u00edpica e cidades como Aquidauana, Miranda, Corumb\u00e1, Porto Murtinho e Coxim em uma experi\u00eancia \u00fanica de ecoturismo no Brasil.","breadcrumb":{"@id":"https:\/\/www.visitms.com.br\/pantanal-mato-grosso-do-sul\/#breadcrumb"},"inLanguage":"es-ES","potentialAction":[{"@type":"ReadAction","target":["https:\/\/www.visitms.com.br\/pantanal-mato-grosso-do-sul\/"]}]},{"@type":"ImageObject","inLanguage":"es-ES","@id":"https:\/\/www.visitms.com.br\/pantanal-mato-grosso-do-sul\/#primaryimage","url":"https:\/\/www.visitms.com.br\/wp-content\/uploads\/2022\/04\/banner_Pantanal_1920x600px.jpg","contentUrl":"https:\/\/www.visitms.com.br\/wp-content\/uploads\/2022\/04\/banner_Pantanal_1920x600px.jpg","width":1920,"height":600},{"@type":"BreadcrumbList","@id":"https:\/\/www.visitms.com.br\/pantanal-mato-grosso-do-sul\/#breadcrumb","itemListElement":[{"@type":"ListItem","position":1,"name":"In\u00edcio","item":"https:\/\/www.visitms.com.br\/"},{"@type":"ListItem","position":2,"name":"PANTANAL &#8211; MATO GROSSO DO SUL"}]},{"@type":"WebSite","@id":"https:\/\/www.visitms.com.br\/#website","url":"https:\/\/www.visitms.com.br\/","name":"VisitMS","description":"","potentialAction":[{"@type":"SearchAction","target":{"@type":"EntryPoint","urlTemplate":"https:\/\/www.visitms.com.br\/?s={search_term_string}"},"query-input":{"@type":"PropertyValueSpecification","valueRequired":true,"valueName":"search_term_string"}}],"inLanguage":"es-ES"}]}},"_links":{"self":[{"href":"https:\/\/www.visitms.com.br\/es\/wp-json\/wp\/v2\/pages\/62","targetHints":{"allow":["GET"]}}],"collection":[{"href":"https:\/\/www.visitms.com.br\/es\/wp-json\/wp\/v2\/pages"}],"about":[{"href":"https:\/\/www.visitms.com.br\/es\/wp-json\/wp\/v2\/types\/page"}],"author":[{"embeddable":true,"href":"https:\/\/www.visitms.com.br\/es\/wp-json\/wp\/v2\/users\/1"}],"replies":[{"embeddable":true,"href":"https:\/\/www.visitms.com.br\/es\/wp-json\/wp\/v2\/comments?post=62"}],"version-history":[{"count":14,"href":"https:\/\/www.visitms.com.br\/es\/wp-json\/wp\/v2\/pages\/62\/revisions"}],"predecessor-version":[{"id":3222,"href":"https:\/\/www.visitms.com.br\/es\/wp-json\/wp\/v2\/pages\/62\/revisions\/3222"}],"wp:featuredmedia":[{"embeddable":true,"href":"https:\/\/www.visitms.com.br\/es\/wp-json\/wp\/v2\/media\/1999"}],"wp:attachment":[{"href":"https:\/\/www.visitms.com.br\/es\/wp-json\/wp\/v2\/media?parent=62"}],"curies":[{"name":"wp","href":"https:\/\/api.w.org\/{rel}","templated":true}]}}