{"id":65,"date":"2022-04-02T18:49:36","date_gmt":"2022-04-02T21:49:36","guid":{"rendered":"https:\/\/www.visitms.com.br\/?page_id=65"},"modified":"2025-09-23T10:39:35","modified_gmt":"2025-09-23T13:39:35","slug":"caminho-dos-ipes","status":"publish","type":"page","link":"https:\/\/www.visitms.com.br\/es\/caminho-dos-ipes\/","title":{"rendered":"Camino de los ip\u00eas"},"content":{"rendered":"<div class=\"row\">\n<div class=\"col-md-6\">\n<strong>Capital de Mato Grosso do Sul, tambi\u00e9n conocida como Cidade Morena, Campo Grande es el portal de entrada a todos los destinos tur\u00edsticos del estado. Con una poblaci\u00f3n de m\u00e1s de 885 mil habitantes, ofrece infraestructura b\u00e1sica y tur\u00edstica de calidad, adem\u00e1s de contar con atractivos capaces de satisfacer y encantar las m\u00e1s diversas demandas y expectativas.<\/strong><\/p>\n<p><strong>Con una gran vocaci\u00f3n para el Turismo de Eventos, la ciudad tiene tradici\u00f3n en la realizaci\u00f3n de exposiciones agropecuarias, ferias de agronegocios, subastas y congresos. Cuenta con un aeropuerto internacional, aer\u00f3dromos regionales, una estaci\u00f3n de autobuses (interurbana e internacional), hoteles de alta calidad, restaurantes con una amplia variedad de platos regionales e internacionales, centros comerciales y un comercio altamente diversificado.<\/strong><\/p>\n<\/div>\n<div class=\"col-md-6\">\nAdem\u00e1s del turismo de negocios y eventos, la ciudad ofrece una buena variedad de productos tur\u00edsticos, especialmente en los segmentos de turismo rural, cultural, gastron\u00f3mico y ecol\u00f3gico. Est\u00e1 incluida en la regi\u00f3n tur\u00edstica &#8220;Caminho dos Ip\u00eas,&#8221; de acuerdo con el Programa de Regionalizaci\u00f3n Tur\u00edstica de Mato Grosso do Sul.<\/p>\n<p>Campo Grande es una ciudad con calles y avenidas amplias, y se considera una de las capitales m\u00e1s arboladas del pa\u00eds. El agradable clima y el bioma del Cerrado que la rodea permiten un contacto m\u00e1s cercano entre la naturaleza y el espacio urbano, lo que hace que la ciudad est\u00e9 habitada por numerosas especies de aves (m\u00e1s de 300 especies). Tanto la poblaci\u00f3n como sus visitantes conviven armoniosamente con guacamayos y tucanes, adem\u00e1s de diversas especies de mam\u00edferos, como capibaras y coat\u00edes, que viven libremente en los diversos parques urbanos.<\/p>\n<\/div>\n<\/div>\n","protected":false},"excerpt":{"rendered":"<p>Capital de Mato Grosso do Sul, tambi\u00e9n conocida como Cidade Morena, Campo Grande es el portal de entrada a todos [&hellip;]<\/p>\n","protected":false},"author":1,"featured_media":2005,"parent":0,"menu_order":0,"comment_status":"closed","ping_status":"closed","template":"page-destino_.php","meta":{"_acf_changed":false,"footnotes":""},"class_list":["post-65","page","type-page","status-publish","has-post-thumbnail","hentry"],"translation":{"provider":"WPGlobus","version":"3.0.2","language":"es","enabled_languages":["br","en","es"],"languages":{"br":{"title":true,"content":true,"excerpt":false},"en":{"title":true,"content":true,"excerpt":true},"es":{"title":true,"content":true,"excerpt":false}}},"acf":[],"yoast_head":"<!-- This site is optimized with the Yoast SEO plugin v27.3 - https:\/\/yoast.com\/product\/yoast-seo-wordpress\/ -->\n<title>Camino de los ip\u00eas - VisitMS<\/title>\n<meta name=\"robots\" content=\"index, follow, max-snippet:-1, max-image-preview:large, max-video-preview:-1\" \/>\n<link rel=\"canonical\" href=\"https:\/\/www.visitms.com.br\/caminho-dos-ipes\/\" \/>\n<meta property=\"og:locale\" content=\"es_ES\" \/>\n<meta property=\"og:type\" content=\"article\" \/>\n<meta property=\"og:title\" content=\"Camino de los ip\u00eas - VisitMS\" \/>\n<meta property=\"og:url\" content=\"https:\/\/www.visitms.com.br\/caminho-dos-ipes\/\" \/>\n<meta property=\"og:site_name\" content=\"VisitMS\" \/>\n<meta property=\"article:modified_time\" content=\"2025-09-23T13:39:35+00:00\" \/>\n<meta property=\"og:image\" content=\"https:\/\/www.visitms.com.br\/wp-content\/uploads\/2022\/04\/banner_Campo-Grande_1920x600px-copy.jpg\" \/>\n\t<meta property=\"og:image:width\" content=\"1920\" \/>\n\t<meta property=\"og:image:height\" content=\"600\" \/>\n\t<meta property=\"og:image:type\" content=\"image\/jpeg\" \/>\n<meta name=\"twitter:card\" content=\"summary_large_image\" \/>\n<meta name=\"twitter:label1\" content=\"Est. reading time\" \/>\n\t<meta name=\"twitter:data1\" content=\"3 minutes\" \/>\n<script type=\"application\/ld+json\" class=\"yoast-schema-graph\">{\"@context\":\"https:\\\/\\\/schema.org\",\"@graph\":[{\"@type\":\"WebPage\",\"@id\":\"https:\\\/\\\/www.visitms.com.br\\\/caminho-dos-ipes\\\/\",\"url\":\"https:\\\/\\\/www.visitms.com.br\\\/caminho-dos-ipes\\\/\",\"name\":\"Camino de los ip\u00eas - VisitMS\",\"isPartOf\":{\"@id\":\"https:\\\/\\\/www.visitms.com.br\\\/#website\"},\"primaryImageOfPage\":{\"@id\":\"https:\\\/\\\/www.visitms.com.br\\\/caminho-dos-ipes\\\/#primaryimage\"},\"image\":{\"@id\":\"https:\\\/\\\/www.visitms.com.br\\\/caminho-dos-ipes\\\/#primaryimage\"},\"thumbnailUrl\":\"https:\\\/\\\/www.visitms.com.br\\\/wp-content\\\/uploads\\\/2022\\\/04\\\/banner_Campo-Grande_1920x600px-copy.jpg\",\"datePublished\":\"2022-04-02T21:49:36+00:00\",\"dateModified\":\"2025-09-23T13:39:35+00:00\",\"description\":\"A regi\u00e3o Campo Grande dos Ip\u00eas oferece uma experi\u00eancia \u00fanica, onde o homem e a natureza coexistem harmoniosamente. Localizada no centro do Mato Grosso do Sul, a regi\u00e3o abrange a capital de Mato Grosso do Sul, Campo Grande, e outros 10 munic\u00edpios que oferecem v\u00e1rias atividades de turismo em meio a natureza.\",\"breadcrumb\":{\"@id\":\"https:\\\/\\\/www.visitms.com.br\\\/caminho-dos-ipes\\\/#breadcrumb\"},\"inLanguage\":\"es-ES\",\"potentialAction\":[{\"@type\":\"ReadAction\",\"target\":[\"https:\\\/\\\/www.visitms.com.br\\\/caminho-dos-ipes\\\/\"]}]},{\"@type\":\"ImageObject\",\"inLanguage\":\"es-ES\",\"@id\":\"https:\\\/\\\/www.visitms.com.br\\\/caminho-dos-ipes\\\/#primaryimage\",\"url\":\"https:\\\/\\\/www.visitms.com.br\\\/wp-content\\\/uploads\\\/2022\\\/04\\\/banner_Campo-Grande_1920x600px-copy.jpg\",\"contentUrl\":\"https:\\\/\\\/www.visitms.com.br\\\/wp-content\\\/uploads\\\/2022\\\/04\\\/banner_Campo-Grande_1920x600px-copy.jpg\",\"width\":1920,\"height\":600},{\"@type\":\"BreadcrumbList\",\"@id\":\"https:\\\/\\\/www.visitms.com.br\\\/caminho-dos-ipes\\\/#breadcrumb\",\"itemListElement\":[{\"@type\":\"ListItem\",\"position\":1,\"name\":\"In\u00edcio\",\"item\":\"https:\\\/\\\/www.visitms.com.br\\\/\"},{\"@type\":\"ListItem\",\"position\":2,\"name\":\"Regi\u00e3o Tur\u00edstica Campo Grande dos Ip\u00eas\"}]},{\"@type\":\"WebSite\",\"@id\":\"https:\\\/\\\/www.visitms.com.br\\\/#website\",\"url\":\"https:\\\/\\\/www.visitms.com.br\\\/\",\"name\":\"VisitMS\",\"description\":\"\",\"potentialAction\":[{\"@type\":\"SearchAction\",\"target\":{\"@type\":\"EntryPoint\",\"urlTemplate\":\"https:\\\/\\\/www.visitms.com.br\\\/?s={search_term_string}\"},\"query-input\":{\"@type\":\"PropertyValueSpecification\",\"valueRequired\":true,\"valueName\":\"search_term_string\"}}],\"inLanguage\":\"es-ES\"}]}<\/script>\n<!-- \/ Yoast SEO plugin. -->","yoast_head_json":{"title":"Camino de los ip\u00eas - VisitMS","robots":{"index":"index","follow":"follow","max-snippet":"max-snippet:-1","max-image-preview":"max-image-preview:large","max-video-preview":"max-video-preview:-1"},"canonical":"https:\/\/www.visitms.com.br\/caminho-dos-ipes\/","og_locale":"es_ES","og_type":"article","og_title":"Camino de los ip\u00eas - VisitMS","og_url":"https:\/\/www.visitms.com.br\/caminho-dos-ipes\/","og_site_name":"VisitMS","article_modified_time":"2025-09-23T13:39:35+00:00","og_image":[{"width":1920,"height":600,"url":"https:\/\/www.visitms.com.br\/wp-content\/uploads\/2022\/04\/banner_Campo-Grande_1920x600px-copy.jpg","type":"image\/jpeg"}],"twitter_card":"summary_large_image","twitter_misc":{"Est. reading time":"3 minutes"},"schema":{"@context":"https:\/\/schema.org","@graph":[{"@type":"WebPage","@id":"https:\/\/www.visitms.com.br\/caminho-dos-ipes\/","url":"https:\/\/www.visitms.com.br\/caminho-dos-ipes\/","name":"Camino de los ip\u00eas - VisitMS","isPartOf":{"@id":"https:\/\/www.visitms.com.br\/#website"},"primaryImageOfPage":{"@id":"https:\/\/www.visitms.com.br\/caminho-dos-ipes\/#primaryimage"},"image":{"@id":"https:\/\/www.visitms.com.br\/caminho-dos-ipes\/#primaryimage"},"thumbnailUrl":"https:\/\/www.visitms.com.br\/wp-content\/uploads\/2022\/04\/banner_Campo-Grande_1920x600px-copy.jpg","datePublished":"2022-04-02T21:49:36+00:00","dateModified":"2025-09-23T13:39:35+00:00","description":"A regi\u00e3o Campo Grande dos Ip\u00eas oferece uma experi\u00eancia \u00fanica, onde o homem e a natureza coexistem harmoniosamente. Localizada no centro do Mato Grosso do Sul, a regi\u00e3o abrange a capital de Mato Grosso do Sul, Campo Grande, e outros 10 munic\u00edpios que oferecem v\u00e1rias atividades de turismo em meio a natureza.","breadcrumb":{"@id":"https:\/\/www.visitms.com.br\/caminho-dos-ipes\/#breadcrumb"},"inLanguage":"es-ES","potentialAction":[{"@type":"ReadAction","target":["https:\/\/www.visitms.com.br\/caminho-dos-ipes\/"]}]},{"@type":"ImageObject","inLanguage":"es-ES","@id":"https:\/\/www.visitms.com.br\/caminho-dos-ipes\/#primaryimage","url":"https:\/\/www.visitms.com.br\/wp-content\/uploads\/2022\/04\/banner_Campo-Grande_1920x600px-copy.jpg","contentUrl":"https:\/\/www.visitms.com.br\/wp-content\/uploads\/2022\/04\/banner_Campo-Grande_1920x600px-copy.jpg","width":1920,"height":600},{"@type":"BreadcrumbList","@id":"https:\/\/www.visitms.com.br\/caminho-dos-ipes\/#breadcrumb","itemListElement":[{"@type":"ListItem","position":1,"name":"In\u00edcio","item":"https:\/\/www.visitms.com.br\/"},{"@type":"ListItem","position":2,"name":"Regi\u00e3o Tur\u00edstica Campo Grande dos Ip\u00eas"}]},{"@type":"WebSite","@id":"https:\/\/www.visitms.com.br\/#website","url":"https:\/\/www.visitms.com.br\/","name":"VisitMS","description":"","potentialAction":[{"@type":"SearchAction","target":{"@type":"EntryPoint","urlTemplate":"https:\/\/www.visitms.com.br\/?s={search_term_string}"},"query-input":{"@type":"PropertyValueSpecification","valueRequired":true,"valueName":"search_term_string"}}],"inLanguage":"es-ES"}]}},"_links":{"self":[{"href":"https:\/\/www.visitms.com.br\/es\/wp-json\/wp\/v2\/pages\/65","targetHints":{"allow":["GET"]}}],"collection":[{"href":"https:\/\/www.visitms.com.br\/es\/wp-json\/wp\/v2\/pages"}],"about":[{"href":"https:\/\/www.visitms.com.br\/es\/wp-json\/wp\/v2\/types\/page"}],"author":[{"embeddable":true,"href":"https:\/\/www.visitms.com.br\/es\/wp-json\/wp\/v2\/users\/1"}],"replies":[{"embeddable":true,"href":"https:\/\/www.visitms.com.br\/es\/wp-json\/wp\/v2\/comments?post=65"}],"version-history":[{"count":9,"href":"https:\/\/www.visitms.com.br\/es\/wp-json\/wp\/v2\/pages\/65\/revisions"}],"predecessor-version":[{"id":3171,"href":"https:\/\/www.visitms.com.br\/es\/wp-json\/wp\/v2\/pages\/65\/revisions\/3171"}],"wp:featuredmedia":[{"embeddable":true,"href":"https:\/\/www.visitms.com.br\/es\/wp-json\/wp\/v2\/media\/2005"}],"wp:attachment":[{"href":"https:\/\/www.visitms.com.br\/es\/wp-json\/wp\/v2\/media?parent=65"}],"curies":[{"name":"wp","href":"https:\/\/api.w.org\/{rel}","templated":true}]}}