{"id":70,"date":"2022-04-02T18:55:01","date_gmt":"2022-04-02T21:55:01","guid":{"rendered":"https:\/\/www.visitms.com.br\/?page_id=70"},"modified":"2025-09-24T11:39:07","modified_gmt":"2025-09-24T14:39:07","slug":"mais-destinos-do-ms","status":"publish","type":"page","link":"https:\/\/www.visitms.com.br\/es\/mais-destinos-do-ms\/","title":{"rendered":"M\u00e1s destinos MS"},"content":{"rendered":"<p data-start=\"277\" data-end=\"955\">Mato Grosso do Sul \u00e9 um estado privilegiado pela diversidade de paisagens, culturas e experi\u00eancias. Os principais destinos j\u00e1 s\u00e3o conhecidos internacionalmente como <strong data-start=\"439\" data-end=\"472\">Bonito &#8211; Serra da Bodoquena<\/strong>, refer\u00eancia mundial em ecoturismo e sustentabilidade; o <strong data-start=\"529\" data-end=\"541\">Pantanal<\/strong>, maior plan\u00edcie alag\u00e1vel do planeta e Patrim\u00f4nio Natural da Humanidade; a <strong data-start=\"616\" data-end=\"640\">Rota Pantanal Bonito<\/strong>, que une dois \u00edcones da natureza em uma s\u00f3 viagem; a <strong data-start=\"694\" data-end=\"736\">Regi\u00e3o Tur\u00edstica Campo Grande dos Ip\u00eas<\/strong>, com a capital Campo Grande como porta de entrada e centro urbano vibrante; e a <strong data-start=\"817\" data-end=\"854\">Regi\u00e3o Tur\u00edstica Cerrado-Pantanal<\/strong>, onde trilhas, cachoeiras, s\u00edtios arqueol\u00f3gicos e a for\u00e7a da natureza revelam experi\u00eancias \u00fanicas.<\/p>\n<p data-start=\"957\" data-end=\"1166\">Mas o turismo no Mato Grosso do Sul vai muito al\u00e9m desses destaques. O estado oferece outras regi\u00f5es repletas de atrativos, capazes de surpreender viajantes em busca de cultura, natureza, aventura e compras.<\/p>\n<p data-start=\"1168\" data-end=\"1460\"><strong data-start=\"1168\" data-end=\"1182\">Ponta Por\u00e3<\/strong>, na fronteira com o Paraguai, \u00e9 um dos destinos mais procurados para compras. Sua integra\u00e7\u00e3o com Pedro Juan Caballero permite f\u00e1cil acesso a shoppings e lojas de importados, al\u00e9m de oferecer uma viv\u00eancia \u00fanica de cultura fronteiri\u00e7a, com influ\u00eancias brasileiras e paraguaias.<\/p>\n<p data-start=\"1462\" data-end=\"1769\">Os <strong data-start=\"1465\" data-end=\"1504\">munic\u00edpios banhados pelo Rio Paran\u00e1<\/strong>, como Parna\u00edba, Tr\u00eas Lagoas, Aparecida do Taboado, Selv\u00edria e Mundo Novo, s\u00e3o ideais para quem gosta de turismo n\u00e1utico, passeios de barco, esportes aqu\u00e1ticos e pesca esportiva. Suas represas e praias fluviais tornam-se cen\u00e1rios perfeitos para lazer e descanso em fam\u00edlia.<\/p>\n<p data-start=\"1771\" data-end=\"2008\">Na regi\u00e3o sul do estado, o <strong data-start=\"1798\" data-end=\"1841\">Parque Estadual V\u00e1rzeas do Rio Ivinhema<\/strong> se destaca como um verdadeiro santu\u00e1rio natural, protegido e pouco explorado, onde trilhas, observa\u00e7\u00e3o de aves e passeios educativos revelam a biodiversidade local.<\/p>\n<p data-start=\"2010\" data-end=\"2456\">Al\u00e9m deles, outros destinos tamb\u00e9m merecem destaque. <strong data-start=\"2063\" data-end=\"2091\">Costa Rica e Alcin\u00f3polis<\/strong> s\u00e3o refer\u00eancias em ecoturismo de aventura e s\u00edtios arqueol\u00f3gicos com inscri\u00e7\u00f5es rupestres milenares, enquanto <strong data-start=\"2202\" data-end=\"2238\">Rio Verde de Mato Grosso e Coxim<\/strong> oferecem belas cachoeiras, trilhas e op\u00e7\u00f5es de pesca esportiva. J\u00e1 <strong data-start=\"2306\" data-end=\"2330\">Aquidauana e Miranda<\/strong> funcionam como portas de entrada para o Pantanal, com pousadas rurais e experi\u00eancias culturais e gastron\u00f4micas pantaneiras.<\/p>\n<p data-start=\"2458\" data-end=\"2852\">A <strong data-start=\"2460\" data-end=\"2482\">Serra da Bodoquena<\/strong> vai al\u00e9m de Bonito e inclui os munic\u00edpios de <strong data-start=\"2528\" data-end=\"2538\">Jardim<\/strong> e <strong data-start=\"2541\" data-end=\"2554\">Bodoquena<\/strong>, com atrativos imperd\u00edveis como o Buraco das Araras, trilhas em meio \u00e0 mata e cachoeiras cristalinas. No sudoeste, <strong data-start=\"2670\" data-end=\"2688\">Porto Murtinho<\/strong>, \u00e0s margens do Rio Paraguai, encanta pela cultura ribeirinha, pela pesca e tamb\u00e9m pelo seu papel estrat\u00e9gico como ponto de partida da futura <strong data-start=\"2830\" data-end=\"2849\">Rota Bioce\u00e2nica<\/strong>.<\/p>\n<p data-start=\"2854\" data-end=\"3232\">Na regi\u00e3o pr\u00f3xima \u00e0 capital, munic\u00edpios como <strong data-start=\"2899\" data-end=\"2922\">Corguinho e Rochedo<\/strong> se destacam pelo turismo de aventura e cachoeiras. <strong data-start=\"3024\" data-end=\"3037\">Jaraguari<\/strong>, por sua vez, guarda a hist\u00f3ria e a cultura da comunidade quilombola de Furnas do Dion\u00edsio, enquanto <strong data-start=\"3139\" data-end=\"3150\">Terenos<\/strong> re\u00fane op\u00e7\u00f5es de turismo rural, arqueol\u00f3gico e balne\u00e1rios para lazer em fam\u00edlia.<\/p>\n<p data-start=\"3234\" data-end=\"3514\">Esses destinos mostram que Mato Grosso do Sul \u00e9 muito mais do que Bonito e Pantanal: \u00e9 um mosaico de experi\u00eancias que une natureza, aventura, cultura, gastronomia e hospitalidade. Seja qual for o perfil do viajante, sempre h\u00e1 um lugar especial \u00e0 sua espera no cora\u00e7\u00e3o do Brasil.<\/p>\n","protected":false},"excerpt":{"rendered":"<p>Mato Grosso do Sul tiene bellezas por todas partes. Cada regi\u00f3n tiene un encanto especial, una experiencia \u00fanica, un plato original, un atardecer nunca antes visto. \u00a1Desc\u00fabrelos todos y aumenta tu colecci\u00f3n de vistas especiales, llenando momentos \u00fanicos y muchas sorpresas de viaje!<\/p>\n","protected":false},"author":1,"featured_media":2010,"parent":0,"menu_order":0,"comment_status":"closed","ping_status":"closed","template":"page-destino_.php","meta":{"_acf_changed":false,"footnotes":""},"class_list":["post-70","page","type-page","status-publish","has-post-thumbnail","hentry"],"translation":{"provider":"WPGlobus","version":"3.0.2","language":"es","enabled_languages":["br","en","es"],"languages":{"br":{"title":true,"content":true,"excerpt":true},"en":{"title":true,"content":false,"excerpt":true},"es":{"title":true,"content":false,"excerpt":true}}},"acf":[],"yoast_head":"<!-- This site is optimized with the Yoast SEO plugin v27.3 - https:\/\/yoast.com\/product\/yoast-seo-wordpress\/ -->\n<title>M\u00e1s destinos MS - VisitMS<\/title>\n<meta name=\"robots\" content=\"index, follow, max-snippet:-1, max-image-preview:large, max-video-preview:-1\" \/>\n<link rel=\"canonical\" href=\"https:\/\/www.visitms.com.br\/mais-destinos-do-ms\/\" \/>\n<meta property=\"og:locale\" content=\"es_ES\" \/>\n<meta property=\"og:type\" content=\"article\" \/>\n<meta property=\"og:title\" content=\"M\u00e1s destinos MS - VisitMS\" \/>\n<meta property=\"og:url\" content=\"https:\/\/www.visitms.com.br\/mais-destinos-do-ms\/\" \/>\n<meta property=\"og:site_name\" content=\"VisitMS\" \/>\n<meta property=\"article:modified_time\" content=\"2025-09-24T14:39:07+00:00\" \/>\n<meta property=\"og:image\" content=\"https:\/\/www.visitms.com.br\/wp-content\/uploads\/2022\/04\/banner_maisdestinos_1920x600px.jpg\" \/>\n\t<meta property=\"og:image:width\" content=\"1920\" \/>\n\t<meta property=\"og:image:height\" content=\"600\" \/>\n\t<meta property=\"og:image:type\" content=\"image\/jpeg\" \/>\n<meta name=\"twitter:card\" content=\"summary_large_image\" \/>\n<meta name=\"twitter:label1\" content=\"Est. reading time\" \/>\n\t<meta name=\"twitter:data1\" content=\"3 minutes\" \/>\n<script type=\"application\/ld+json\" class=\"yoast-schema-graph\">{\"@context\":\"https:\\\/\\\/schema.org\",\"@graph\":[{\"@type\":\"WebPage\",\"@id\":\"https:\\\/\\\/www.visitms.com.br\\\/mais-destinos-do-ms\\\/\",\"url\":\"https:\\\/\\\/www.visitms.com.br\\\/mais-destinos-do-ms\\\/\",\"name\":\"M\u00e1s destinos MS - VisitMS\",\"isPartOf\":{\"@id\":\"https:\\\/\\\/www.visitms.com.br\\\/#website\"},\"primaryImageOfPage\":{\"@id\":\"https:\\\/\\\/www.visitms.com.br\\\/mais-destinos-do-ms\\\/#primaryimage\"},\"image\":{\"@id\":\"https:\\\/\\\/www.visitms.com.br\\\/mais-destinos-do-ms\\\/#primaryimage\"},\"thumbnailUrl\":\"https:\\\/\\\/www.visitms.com.br\\\/wp-content\\\/uploads\\\/2022\\\/04\\\/banner_maisdestinos_1920x600px.jpg\",\"datePublished\":\"2022-04-02T21:55:01+00:00\",\"dateModified\":\"2025-09-24T14:39:07+00:00\",\"description\":\"Al\u00e9m de Bonito, Pantanal e Campo Grande dos Ip\u00eas, descubra outros destinos de Mato Grosso do Sul: rota Cerrado-Pantanal, Ponta Por\u00e3, Rio Paran\u00e1, Parque V\u00e1rzeas do Rio Ivinhema e muito mais, com natureza, cultura e turismo de compras\",\"breadcrumb\":{\"@id\":\"https:\\\/\\\/www.visitms.com.br\\\/mais-destinos-do-ms\\\/#breadcrumb\"},\"inLanguage\":\"es-ES\",\"potentialAction\":[{\"@type\":\"ReadAction\",\"target\":[\"https:\\\/\\\/www.visitms.com.br\\\/mais-destinos-do-ms\\\/\"]}]},{\"@type\":\"ImageObject\",\"inLanguage\":\"es-ES\",\"@id\":\"https:\\\/\\\/www.visitms.com.br\\\/mais-destinos-do-ms\\\/#primaryimage\",\"url\":\"https:\\\/\\\/www.visitms.com.br\\\/wp-content\\\/uploads\\\/2022\\\/04\\\/banner_maisdestinos_1920x600px.jpg\",\"contentUrl\":\"https:\\\/\\\/www.visitms.com.br\\\/wp-content\\\/uploads\\\/2022\\\/04\\\/banner_maisdestinos_1920x600px.jpg\",\"width\":1920,\"height\":600},{\"@type\":\"BreadcrumbList\",\"@id\":\"https:\\\/\\\/www.visitms.com.br\\\/mais-destinos-do-ms\\\/#breadcrumb\",\"itemListElement\":[{\"@type\":\"ListItem\",\"position\":1,\"name\":\"In\u00edcio\",\"item\":\"https:\\\/\\\/www.visitms.com.br\\\/\"},{\"@type\":\"ListItem\",\"position\":2,\"name\":\"Mais Destinos do MS\"}]},{\"@type\":\"WebSite\",\"@id\":\"https:\\\/\\\/www.visitms.com.br\\\/#website\",\"url\":\"https:\\\/\\\/www.visitms.com.br\\\/\",\"name\":\"VisitMS\",\"description\":\"\",\"potentialAction\":[{\"@type\":\"SearchAction\",\"target\":{\"@type\":\"EntryPoint\",\"urlTemplate\":\"https:\\\/\\\/www.visitms.com.br\\\/?s={search_term_string}\"},\"query-input\":{\"@type\":\"PropertyValueSpecification\",\"valueRequired\":true,\"valueName\":\"search_term_string\"}}],\"inLanguage\":\"es-ES\"}]}<\/script>\n<!-- \/ Yoast SEO plugin. -->","yoast_head_json":{"title":"M\u00e1s destinos MS - VisitMS","robots":{"index":"index","follow":"follow","max-snippet":"max-snippet:-1","max-image-preview":"max-image-preview:large","max-video-preview":"max-video-preview:-1"},"canonical":"https:\/\/www.visitms.com.br\/mais-destinos-do-ms\/","og_locale":"es_ES","og_type":"article","og_title":"M\u00e1s destinos MS - VisitMS","og_url":"https:\/\/www.visitms.com.br\/mais-destinos-do-ms\/","og_site_name":"VisitMS","article_modified_time":"2025-09-24T14:39:07+00:00","og_image":[{"width":1920,"height":600,"url":"https:\/\/www.visitms.com.br\/wp-content\/uploads\/2022\/04\/banner_maisdestinos_1920x600px.jpg","type":"image\/jpeg"}],"twitter_card":"summary_large_image","twitter_misc":{"Est. reading time":"3 minutes"},"schema":{"@context":"https:\/\/schema.org","@graph":[{"@type":"WebPage","@id":"https:\/\/www.visitms.com.br\/mais-destinos-do-ms\/","url":"https:\/\/www.visitms.com.br\/mais-destinos-do-ms\/","name":"M\u00e1s destinos MS - VisitMS","isPartOf":{"@id":"https:\/\/www.visitms.com.br\/#website"},"primaryImageOfPage":{"@id":"https:\/\/www.visitms.com.br\/mais-destinos-do-ms\/#primaryimage"},"image":{"@id":"https:\/\/www.visitms.com.br\/mais-destinos-do-ms\/#primaryimage"},"thumbnailUrl":"https:\/\/www.visitms.com.br\/wp-content\/uploads\/2022\/04\/banner_maisdestinos_1920x600px.jpg","datePublished":"2022-04-02T21:55:01+00:00","dateModified":"2025-09-24T14:39:07+00:00","description":"Al\u00e9m de Bonito, Pantanal e Campo Grande dos Ip\u00eas, descubra outros destinos de Mato Grosso do Sul: rota Cerrado-Pantanal, Ponta Por\u00e3, Rio Paran\u00e1, Parque V\u00e1rzeas do Rio Ivinhema e muito mais, com natureza, cultura e turismo de compras","breadcrumb":{"@id":"https:\/\/www.visitms.com.br\/mais-destinos-do-ms\/#breadcrumb"},"inLanguage":"es-ES","potentialAction":[{"@type":"ReadAction","target":["https:\/\/www.visitms.com.br\/mais-destinos-do-ms\/"]}]},{"@type":"ImageObject","inLanguage":"es-ES","@id":"https:\/\/www.visitms.com.br\/mais-destinos-do-ms\/#primaryimage","url":"https:\/\/www.visitms.com.br\/wp-content\/uploads\/2022\/04\/banner_maisdestinos_1920x600px.jpg","contentUrl":"https:\/\/www.visitms.com.br\/wp-content\/uploads\/2022\/04\/banner_maisdestinos_1920x600px.jpg","width":1920,"height":600},{"@type":"BreadcrumbList","@id":"https:\/\/www.visitms.com.br\/mais-destinos-do-ms\/#breadcrumb","itemListElement":[{"@type":"ListItem","position":1,"name":"In\u00edcio","item":"https:\/\/www.visitms.com.br\/"},{"@type":"ListItem","position":2,"name":"Mais Destinos do MS"}]},{"@type":"WebSite","@id":"https:\/\/www.visitms.com.br\/#website","url":"https:\/\/www.visitms.com.br\/","name":"VisitMS","description":"","potentialAction":[{"@type":"SearchAction","target":{"@type":"EntryPoint","urlTemplate":"https:\/\/www.visitms.com.br\/?s={search_term_string}"},"query-input":{"@type":"PropertyValueSpecification","valueRequired":true,"valueName":"search_term_string"}}],"inLanguage":"es-ES"}]}},"_links":{"self":[{"href":"https:\/\/www.visitms.com.br\/es\/wp-json\/wp\/v2\/pages\/70","targetHints":{"allow":["GET"]}}],"collection":[{"href":"https:\/\/www.visitms.com.br\/es\/wp-json\/wp\/v2\/pages"}],"about":[{"href":"https:\/\/www.visitms.com.br\/es\/wp-json\/wp\/v2\/types\/page"}],"author":[{"embeddable":true,"href":"https:\/\/www.visitms.com.br\/es\/wp-json\/wp\/v2\/users\/1"}],"replies":[{"embeddable":true,"href":"https:\/\/www.visitms.com.br\/es\/wp-json\/wp\/v2\/comments?post=70"}],"version-history":[{"count":4,"href":"https:\/\/www.visitms.com.br\/es\/wp-json\/wp\/v2\/pages\/70\/revisions"}],"predecessor-version":[{"id":3220,"href":"https:\/\/www.visitms.com.br\/es\/wp-json\/wp\/v2\/pages\/70\/revisions\/3220"}],"wp:featuredmedia":[{"embeddable":true,"href":"https:\/\/www.visitms.com.br\/es\/wp-json\/wp\/v2\/media\/2010"}],"wp:attachment":[{"href":"https:\/\/www.visitms.com.br\/es\/wp-json\/wp\/v2\/media?parent=70"}],"curies":[{"name":"wp","href":"https:\/\/api.w.org\/{rel}","templated":true}]}}